{"id":11244,"date":"2019-06-15T20:37:51","date_gmt":"2019-06-15T18:37:51","guid":{"rendered":"https:\/\/dev01.pacific-rope.com\/unsere-segel-kollektion-fuer-fahrtensegler\/"},"modified":"2025-06-11T12:16:54","modified_gmt":"2025-06-11T10:16:54","slug":"segel","status":"publish","type":"page","link":"https:\/\/www.rollytasker.com\/de\/segel\/","title":{"rendered":"Fahrtensegel"},"content":{"rendered":"\t\t<div data-elementor-type=\"wp-page\" data-elementor-id=\"11244\" class=\"elementor elementor-11244 elementor-8\" data-elementor-post-type=\"page\">\n\t\t\t\t<div class=\"elementor-element elementor-element-1a21733 e-flex e-con-boxed e-con e-parent\" data-id=\"1a21733\" data-element_type=\"container\" data-e-type=\"container\">\n\t\t\t\t\t<div class=\"e-con-inner\">\n\t\t\t\t<div class=\"elementor-element elementor-element-bd49975 elementor-widget elementor-widget-text-editor\" data-id=\"bd49975\" data-element_type=\"widget\" data-e-type=\"widget\" data-widget_type=\"text-editor.default\">\n\t\t\t\t\t\t\t\t\t<p>Warum konzentrieren wir uns auf Fahrtensegel? Bei der Entwicklung unserer Segel haben wir die Bed\u00fcrfnisse und Vorlieben von <strong>Fahrtenseglern<\/strong> und ambitionierten <strong>Club-Racern<\/strong> im Blick. Jeder Stich, jedes Detail ist darauf ausgerichtet, nicht nur die Freude am Segeln zu maximieren, sondern auch Ihre Sicherheit auf dem Wasser zu gew\u00e4hrleisten. Mit unseren Segeln k\u00f6nnen Sie Ihre T\u00f6rns mit Zuversicht fortsetzen. Wir hoffen, dass Sie wissen, dass Sie mit uns zuverl\u00e4ssige Begleiter haben, die Ihr Segelerlebnis in jeder Hinsicht bereichern werden.    <\/p>\t\t\t\t\t\t\t\t<\/div>\n\t\t<div class=\"elementor-element elementor-element-9857c95 e-flex e-con-boxed e-con e-child\" data-id=\"9857c95\" data-element_type=\"container\" data-e-type=\"container\" data-settings=\"{&quot;background_background&quot;:&quot;classic&quot;}\">\n\t\t\t\t\t<div class=\"e-con-inner\">\n\t\t<div class=\"elementor-element elementor-element-0408fde e-con-full e-flex e-con e-child\" data-id=\"0408fde\" data-element_type=\"container\" data-e-type=\"container\">\n\t\t\t\t<div class=\"elementor-element elementor-element-1a0831c elementor-cta--skin-cover elementor-cta--valign-bottom elementor-bg-transform elementor-bg-transform-move-down elementor-widget__width-initial elementor-widget elementor-widget-call-to-action\" data-id=\"1a0831c\" data-element_type=\"widget\" data-e-type=\"widget\" data-widget_type=\"call-to-action.default\">\n\t\t\t\t\t\t\t<div class=\"elementor-cta\">\n\t\t\t\t\t<div class=\"elementor-cta__bg-wrapper\">\n\t\t\t\t<div class=\"elementor-cta__bg elementor-bg\" style=\"background-image: url(https:\/\/www.rollytasker.com\/wp-content\/uploads\/2022\/08\/new-sail-set-up-cruising-boat.jpeg);\" role=\"img\" aria-label=\"Die perfekte Segelfl\u00e4che bei einer Brise: Gro\u00dfsegel und 110% Genua.\"><\/div>\n\t\t\t\t<div class=\"elementor-cta__bg-overlay\"><\/div>\n\t\t\t<\/div>\n\t\t\t\t\t\t\t<div class=\"elementor-cta__content\">\n\t\t\t\t\n\t\t\t\t\t\t\t\t\t<h3 class=\"elementor-cta__title elementor-cta__content-item elementor-content-item\">\n\t\t\t\t\t\tGro\u00dfsegel\t\t\t\t\t<\/h3>\n\t\t\t\t\n\t\t\t\t\t\t\t\t\t<div class=\"elementor-cta__description elementor-cta__content-item elementor-content-item\">\n\t\t\t\t\t\tEntspannt segeln, Club Racing oder Blauwasser-Tour.\t\t\t\t\t<\/div>\n\t\t\t\t\n\t\t\t\t\t\t\t\t\t<div class=\"elementor-cta__button-wrapper elementor-cta__content-item elementor-content-item \">\n\t\t\t\t\t<a class=\"elementor-cta__button elementor-button elementor-size-\" href=\"https:\/\/www.rollytasker.com\/de\/segel\/grosssegel\/\">\n\t\t\t\t\t\tzur Gro\u00dfsegel-Auswahl\t\t\t\t\t<\/a>\n\t\t\t\t\t<\/div>\n\t\t\t\t\t\t\t<\/div>\n\t\t\t\t\t\t<\/div>\n\t\t\t\t\t\t<\/div>\n\t\t\t\t<\/div>\n\t\t<div class=\"elementor-element elementor-element-e519026 e-con-full e-flex e-con e-child\" data-id=\"e519026\" data-element_type=\"container\" data-e-type=\"container\">\n\t\t\t\t<div class=\"elementor-element elementor-element-e7fac67 elementor-cta--skin-cover elementor-cta--valign-bottom elementor-bg-transform elementor-bg-transform-move-right elementor-widget__width-initial elementor-widget elementor-widget-call-to-action\" data-id=\"e7fac67\" data-element_type=\"widget\" data-e-type=\"widget\" data-widget_type=\"call-to-action.default\">\n\t\t\t\t\t\t\t<div class=\"elementor-cta\">\n\t\t\t\t\t<div class=\"elementor-cta__bg-wrapper\">\n\t\t\t\t<div class=\"elementor-cta__bg elementor-bg\" style=\"background-image: url(https:\/\/www.rollytasker.com\/wp-content\/uploads\/2024\/02\/cruising-headsails-1-635x1024.jpg);\" role=\"img\" aria-label=\"Kreuzfahrt-Vorsegel\"><\/div>\n\t\t\t\t<div class=\"elementor-cta__bg-overlay\"><\/div>\n\t\t\t<\/div>\n\t\t\t\t\t\t\t<div class=\"elementor-cta__content\">\n\t\t\t\t\n\t\t\t\t\t\t\t\t\t<h3 class=\"elementor-cta__title elementor-cta__content-item elementor-content-item\">\n\t\t\t\t\t\tVorsegel\t\t\t\t\t<\/h3>\n\t\t\t\t\n\t\t\t\t\t\t\t\t\t<div class=\"elementor-cta__description elementor-cta__content-item elementor-content-item\">\n\t\t\t\t\t\tHochwertige Genua oder Selbstwendefock Fock. Holen Sie sich, was Ihnen am besten dient. \t\t\t\t\t<\/div>\n\t\t\t\t\n\t\t\t\t\t\t\t\t\t<div class=\"elementor-cta__button-wrapper elementor-cta__content-item elementor-content-item \">\n\t\t\t\t\t<a class=\"elementor-cta__button elementor-button elementor-size-\" href=\"https:\/\/www.rollytasker.com\/de\/segel\/vorsegel\/\">\n\t\t\t\t\t\tzur Vorsegel-Auswahl<br>\t\t\t\t\t<\/a>\n\t\t\t\t\t<\/div>\n\t\t\t\t\t\t\t<\/div>\n\t\t\t\t\t\t<\/div>\n\t\t\t\t\t\t<\/div>\n\t\t\t\t<\/div>\n\t\t<div class=\"elementor-element elementor-element-ae590c3 e-con-full e-flex e-con e-child\" data-id=\"ae590c3\" data-element_type=\"container\" data-e-type=\"container\">\n\t\t\t\t<div class=\"elementor-element elementor-element-ef186e6 elementor-cta--skin-cover elementor-cta--valign-bottom elementor-bg-transform elementor-bg-transform-move-up elementor-widget__width-initial elementor-widget elementor-widget-call-to-action\" data-id=\"ef186e6\" data-element_type=\"widget\" data-e-type=\"widget\" data-widget_type=\"call-to-action.default\">\n\t\t\t\t\t\t\t<div class=\"elementor-cta\">\n\t\t\t\t\t<div class=\"elementor-cta__bg-wrapper\">\n\t\t\t\t<div class=\"elementor-cta__bg elementor-bg\" style=\"background-image: url(https:\/\/www.rollytasker.com\/wp-content\/uploads\/2024\/02\/downwindsails-1-635x1024.jpg);\" role=\"img\" aria-label=\"downwindsails.jpg\"><\/div>\n\t\t\t\t<div class=\"elementor-cta__bg-overlay\"><\/div>\n\t\t\t<\/div>\n\t\t\t\t\t\t\t<div class=\"elementor-cta__content\">\n\t\t\t\t\n\t\t\t\t\t\t\t\t\t<h3 class=\"elementor-cta__title elementor-cta__content-item elementor-content-item\">\n\t\t\t\t\t\tVorwindsegel\t\t\t\t\t<\/h3>\n\t\t\t\t\n\t\t\t\t\t\t\t\t\t<div class=\"elementor-cta__description elementor-cta__content-item elementor-content-item\">\n\t\t\t\t\t\tSpinnaker, Gennaker, Code Zero \u2013 sch\u00f6ner kann Leichtwindsegeln nicht werden\t\t\t\t\t<\/div>\n\t\t\t\t\n\t\t\t\t\t\t\t\t\t<div class=\"elementor-cta__button-wrapper elementor-cta__content-item elementor-content-item \">\n\t\t\t\t\t<a class=\"elementor-cta__button elementor-button elementor-size-\" href=\"https:\/\/www.rollytasker.com\/de\/segel\/leichtwindsegel\/\">\n\t\t\t\t\t\tzur Vorwindsegel-Auswahl\t\t\t\t\t<\/a>\n\t\t\t\t\t<\/div>\n\t\t\t\t\t\t\t<\/div>\n\t\t\t\t\t\t<\/div>\n\t\t\t\t\t\t<\/div>\n\t\t\t\t<\/div>\n\t\t<div class=\"elementor-element elementor-element-07e3db2 e-con-full e-flex e-con e-child\" data-id=\"07e3db2\" data-element_type=\"container\" data-e-type=\"container\">\n\t\t\t\t<div class=\"elementor-element elementor-element-52dc991 elementor-cta--skin-cover elementor-cta--valign-middle elementor-bg-transform elementor-bg-transform-move-left elementor-widget__width-initial elementor-widget elementor-widget-call-to-action\" data-id=\"52dc991\" data-element_type=\"widget\" data-e-type=\"widget\" data-widget_type=\"call-to-action.default\">\n\t\t\t\t\t\t\t<div class=\"elementor-cta\">\n\t\t\t\t\t<div class=\"elementor-cta__bg-wrapper\">\n\t\t\t\t<div class=\"elementor-cta__bg elementor-bg\" style=\"background-image: url(https:\/\/www.rollytasker.com\/wp-content\/uploads\/2024\/02\/multihull-sails-1-1024x687.jpg);\" role=\"img\" aria-label=\"Multihull Catamaran\"><\/div>\n\t\t\t\t<div class=\"elementor-cta__bg-overlay\"><\/div>\n\t\t\t<\/div>\n\t\t\t\t\t\t\t<div class=\"elementor-cta__content\">\n\t\t\t\t\n\t\t\t\t\t\t\t\t\t<h3 class=\"elementor-cta__title elementor-cta__content-item elementor-content-item\">\n\t\t\t\t\t\tMultihull Segel\t\t\t\t\t<\/h3>\n\t\t\t\t\n\t\t\t\t\t\t\t\t\t<div class=\"elementor-cta__description elementor-cta__content-item elementor-content-item\">\n\t\t\t\t\t\tSegel speziell f\u00fcr Katamaran und Trimaran Riggs.\t\t\t\t\t<\/div>\n\t\t\t\t\n\t\t\t\t\t\t\t\t\t<div class=\"elementor-cta__button-wrapper elementor-cta__content-item elementor-content-item \">\n\t\t\t\t\t<a class=\"elementor-cta__button elementor-button elementor-size-\" href=\"https:\/\/www.rollytasker.com\/de\/segel\/multihull-segel\/\">\n\t\t\t\t\t\tZur Multihull-Segel-Auswahl\t\t\t\t\t<\/a>\n\t\t\t\t\t<\/div>\n\t\t\t\t\t\t\t<\/div>\n\t\t\t\t\t\t<\/div>\n\t\t\t\t\t\t<\/div>\n\t\t\t\t<\/div>\n\t\t<div class=\"elementor-element elementor-element-57dc3c9 e-con-full e-flex e-con e-child\" data-id=\"57dc3c9\" data-element_type=\"container\" data-e-type=\"container\">\n\t\t\t\t<div class=\"elementor-element elementor-element-0f83163 elementor-cta--skin-cover elementor-cta--valign-middle elementor-bg-transform elementor-bg-transform-move-up elementor-widget__width-initial elementor-widget elementor-widget-call-to-action\" data-id=\"0f83163\" data-element_type=\"widget\" data-e-type=\"widget\" data-widget_type=\"call-to-action.default\">\n\t\t\t\t\t\t\t<div class=\"elementor-cta\">\n\t\t\t\t\t<div class=\"elementor-cta__bg-wrapper\">\n\t\t\t\t<div class=\"elementor-cta__bg elementor-bg\" style=\"background-image: url(https:\/\/www.rollytasker.com\/wp-content\/uploads\/2024\/02\/storm-jib-storm-sails-1-1024x587.jpg);\" role=\"img\" aria-label=\"storm-jib-storm-sails.jpg\"><\/div>\n\t\t\t\t<div class=\"elementor-cta__bg-overlay\"><\/div>\n\t\t\t<\/div>\n\t\t\t\t\t\t\t<div class=\"elementor-cta__content\">\n\t\t\t\t\n\t\t\t\t\t\t\t\t\t<h3 class=\"elementor-cta__title elementor-cta__content-item elementor-content-item\">\n\t\t\t\t\t\tSturmsegel\t\t\t\t\t<\/h3>\n\t\t\t\t\n\t\t\t\t\t\t\t\t\t<div class=\"elementor-cta__description elementor-cta__content-item elementor-content-item\">\n\t\t\t\t\t\tF\u00fcr einen sicheren T\u00f6rn.\t\t\t\t\t<\/div>\n\t\t\t\t\n\t\t\t\t\t\t\t\t\t<div class=\"elementor-cta__button-wrapper elementor-cta__content-item elementor-content-item \">\n\t\t\t\t\t<a class=\"elementor-cta__button elementor-button elementor-size-\" href=\"https:\/\/www.rollytasker.com\/de\/segel\/sturmsegel\/\">\n\t\t\t\t\t\tZur Sturmsegel-Auswahl\t\t\t\t\t<\/a>\n\t\t\t\t\t<\/div>\n\t\t\t\t\t\t\t<\/div>\n\t\t\t\t\t\t<\/div>\n\t\t\t\t\t\t<\/div>\n\t\t\t\t<\/div>\n\t\t\t\t\t<\/div>\n\t\t\t\t<\/div>\n\t\t\t\t\t<\/div>\n\t\t\t\t<\/div>\n\t\t<div class=\"elementor-element elementor-element-7c8a1a8 e-flex e-con-boxed e-con e-parent\" data-id=\"7c8a1a8\" data-element_type=\"container\" data-e-type=\"container\" data-settings=\"{&quot;background_background&quot;:&quot;classic&quot;}\">\n\t\t\t\t\t<div class=\"e-con-inner\">\n\t\t<div class=\"elementor-element elementor-element-279e80e e-con-full e-flex e-con e-child\" data-id=\"279e80e\" data-element_type=\"container\" data-e-type=\"container\">\n\t\t\t\t<div class=\"elementor-element elementor-element-eaecd30 elementor-widget elementor-widget-heading\" data-id=\"eaecd30\" data-element_type=\"widget\" data-e-type=\"widget\" data-widget_type=\"heading.default\">\n\t\t\t\t\t<h2 class=\"elementor-heading-title elementor-size-default\">Unser Herz schl\u00e4gt f\u00fcr Fahrtensegel<br><\/h2>\t\t\t\t<\/div>\n\t\t\t\t<\/div>\n\t\t<div class=\"elementor-element elementor-element-cc0521b e-con-full e-flex e-con e-child\" data-id=\"cc0521b\" data-element_type=\"container\" data-e-type=\"container\">\n\t\t\t\t<div class=\"elementor-element elementor-element-29badd2 elementor-widget elementor-widget-text-editor\" data-id=\"29badd2\" data-element_type=\"widget\" data-e-type=\"widget\" data-widget_type=\"text-editor.default\">\n\t\t\t\t\t\t\t\t\t<p><a href=\"https:\/\/www.rollytasker.com\/de\/segel\/\">Fahrtensegel<\/a> aller Arten, Formen und Gr\u00f6\u00dfen sind seit \u00fcber 75 Jahren das Herzst\u00fcck von Rolly Tasker Sails.<\/p><p>Fahrtensegel spielen eine entscheidende Rolle beim Segeln, insbesondere f\u00fcr diejenigen, die sich auf l\u00e4ngere Reisen begeben oder ferne Gew\u00e4sser erkunden. Im Gegensatz zu Regattasegeln, bei denen Geschwindigkeit und Leistung an erster Stelle stehen, werden Fahrtensegel mit Blick auf Haltbarkeit, Benutzerfreundlichkeit und Komfort entwickelt. <\/p><h3>Robuste Konstruktion<\/h3><p>Eines der wichtigsten Merkmale von Fahrtensegeln ist ihre robuste Konstruktion. Diese Segel werden in der Regel aus langlebigen Materialien wie Dacron gefertigt, die den Strapazen von Langstreckent\u00f6rns und h\u00e4ufigem Gebrauch standhalten k\u00f6nnen. Verst\u00e4rkungen an den Belastungspunkten und strapazierf\u00e4hige N\u00e4hte sorgen daf\u00fcr, dass Fahrtensegel auch starken Winden, rauer See und l\u00e4ngerer Einwirkung der Elemente standhalten k\u00f6nnen.  <\/p><h3>Einfache Handhabung<\/h3><p><a href=\"https:\/\/www.rollytasker.com\/de\/segel\/\">Fahrtensegel<\/a> sind nicht nur langlebig, sondern auch einfach zu handhaben. Lange Strecken zu segeln kann k\u00f6rperlich anstrengend sein, daher sch\u00e4tzen Fahrtensegler Segel, die leicht zu hissen, zu trimmen und zu reffen sind. Ausstattungsmerkmale wie Rollreffsysteme f\u00fcr Vorsegel und Lazy Jacks oder Stack Packs f\u00fcr Gro\u00dfsegel erleichtern die Handhabung von Segeln im Alleingang oder mit einer kleinen Crew. Dank dieses Komforts k\u00f6nnen sich die Segler mehr auf das Genie\u00dfen der Reise und weniger auf die Feinheiten der Segelf\u00fchrung konzentrieren.   <\/p><h3>Komfort und Stabilit\u00e4t<br><\/h3><p>Komfort ist ein weiteres wichtiges Kriterium, wenn es um Fahrtensegel geht. Im Gegensatz zu Rennseglern, die vielleicht bereit sind, Komfort f\u00fcr Leistung zu opfern, legen Fahrtensegler bei langen Passagen und l\u00e4ngeren Aufenthalten an Bord ihres Schiffes Wert auf Komfort. Fahrtensegel werden oft mit einer moderaten Form entworfen, die ein Gleichgewicht zwischen Geschwindigkeit und Stabilit\u00e4t bietet, was zu einer sanfteren und bequemeren Fahrt f\u00fcr die Crew f\u00fchrt.  <\/p><p>Au\u00dferdem sind Fahrtensegel in der Regel mit Funktionen ausgestattet, die die Sicherheit und Zuverl\u00e4ssigkeit erh\u00f6hen. Reffpunkte erm\u00f6glichen es Seglern, die Segelfl\u00e4che bei starkem Wind zu reduzieren, w\u00e4hrend verst\u00e4rkte Schothorn und Segelhals Befestigungen daf\u00fcr sorgen, dass die Segel auch bei schwierigen Bedingungen sicher am Rigg befestigt bleiben. Diese Merkmale geben Fahrtenseglern die Gewissheit, dass ihre Segel so gebaut sind, dass sie mit allem fertig werden, was das Meer ihnen entgegenwirft.  <\/p><p>Zusammenfassend l\u00e4sst sich sagen, dass Fahrtensegel ein wesentlicher Bestandteil jeder Fahrtenyacht sind. Sie bieten Haltbarkeit, Benutzerfreundlichkeit, Komfort und Sicherheit f\u00fcr Segler, die sich auf Langstreckent\u00f6rns begeben. Wenn diese Qualit\u00e4ten beim Design und der Konstruktion von Fahrtensegeln im Vordergrund stehen, k\u00f6nnen Segler ein angenehmeres und stressfreieres Fahrtenerlebnis genie\u00dfen. <\/p>\t\t\t\t\t\t\t\t<\/div>\n\t\t\t\t<\/div>\n\t\t<div class=\"elementor-element elementor-element-0dd64a4 e-con-full e-flex e-con e-child\" data-id=\"0dd64a4\" data-element_type=\"container\" data-e-type=\"container\">\n\t\t\t\t<div class=\"elementor-element elementor-element-d4782ca elementor-widget elementor-widget-image\" data-id=\"d4782ca\" data-element_type=\"widget\" data-e-type=\"widget\" data-widget_type=\"image.default\">\n\t\t\t\t\t\t\t\t\t\t\t\t\t\t\t\t<a href=\"https:\/\/www.rollytasker.com\/wp-content\/uploads\/2024\/03\/erikaandera-stormy-weather.jpg\" data-elementor-open-lightbox=\"yes\" data-elementor-lightbox-title=\"erikaandera-st\u00fcrmisches-wetter\" data-e-action-hash=\"#elementor-action%3Aaction%3Dlightbox%26settings%3DeyJpZCI6MTA1MDEsInVybCI6Imh0dHBzOlwvXC93d3cucm9sbHl0YXNrZXIuY29tXC93cC1jb250ZW50XC91cGxvYWRzXC8yMDI0XC8wM1wvZXJpa2FhbmRlcmEtc3Rvcm15LXdlYXRoZXIuanBnIn0%3D\">\n\t\t\t\t\t\t\t<img fetchpriority=\"high\" decoding=\"async\" width=\"800\" height=\"800\" src=\"https:\/\/www.rollytasker.com\/wp-content\/uploads\/2024\/03\/erikaandera-stormy-weather-1024x1024.jpg\" class=\"attachment-large size-large wp-image-10501\" alt=\"erik aanderaa segelt st\u00fcrmisches Wetter\" srcset=\"https:\/\/www.rollytasker.com\/wp-content\/uploads\/2024\/03\/erikaandera-stormy-weather-1024x1024.jpg 1024w, https:\/\/www.rollytasker.com\/wp-content\/uploads\/2024\/03\/erikaandera-stormy-weather-300x300.jpg 300w, https:\/\/www.rollytasker.com\/wp-content\/uploads\/2024\/03\/erikaandera-stormy-weather-150x150.jpg 150w, https:\/\/www.rollytasker.com\/wp-content\/uploads\/2024\/03\/erikaandera-stormy-weather-768x768.jpg 768w, https:\/\/www.rollytasker.com\/wp-content\/uploads\/2024\/03\/erikaandera-stormy-weather.jpg 1440w\" sizes=\"(max-width: 800px) 100vw, 800px\" loading=\"eager\" title=\"\">\t\t\t\t\t\t\t\t<\/a>\n\t\t\t\t\t\t\t\t\t\t\t\t\t\t\t<\/div>\n\t\t\t\t<\/div>\n\t\t\t\t\t<\/div>\n\t\t\t\t<\/div>\n\t\t<div class=\"elementor-element elementor-element-b6e8436 e-flex e-con-boxed e-con e-parent\" data-id=\"b6e8436\" data-element_type=\"container\" data-e-type=\"container\" data-settings=\"{&quot;background_background&quot;:&quot;classic&quot;}\">\n\t\t\t\t\t<div class=\"e-con-inner\">\n\t\t<div class=\"elementor-element elementor-element-5faaf24 e-con-full e-flex e-con e-child\" data-id=\"5faaf24\" data-element_type=\"container\" data-e-type=\"container\">\n\t\t<div class=\"elementor-element elementor-element-762c7e5 e-flex e-con-boxed e-con e-child\" data-id=\"762c7e5\" data-element_type=\"container\" data-e-type=\"container\">\n\t\t\t\t\t<div class=\"e-con-inner\">\n\t\t\t\t<div class=\"elementor-element elementor-element-f4a1eec elementor-widget__width-auto elementor-widget elementor-widget-heading\" data-id=\"f4a1eec\" data-element_type=\"widget\" data-e-type=\"widget\" data-widget_type=\"heading.default\">\n\t\t\t\t\t<h2 class=\"elementor-heading-title elementor-size-default\">Unser Blog<\/h2>\t\t\t\t<\/div>\n\t\t\t\t<div class=\"elementor-element elementor-element-e06b8b0 elementor-widget elementor-widget-heading\" data-id=\"e06b8b0\" data-element_type=\"widget\" data-e-type=\"widget\" data-widget_type=\"heading.default\">\n\t\t\t\t\t<h2 class=\"elementor-heading-title elementor-size-default\">Know-how von Segeln<br><\/h2>\t\t\t\t<\/div>\n\t\t\t\t<div class=\"elementor-element elementor-element-d2855a7 elementor-widget-mobile__width-inherit elementor-align-center elementor-widget elementor-widget-button\" data-id=\"d2855a7\" data-element_type=\"widget\" data-e-type=\"widget\" data-widget_type=\"button.default\">\n\t\t\t\t\t\t\t\t\t\t<a class=\"elementor-button elementor-button-link elementor-size-sm\" href=\"https:\/\/www.rollytasker.com\/en\/about-sails\/\">\n\t\t\t\t\t\t<span class=\"elementor-button-content-wrapper\">\n\t\t\t\t\t\t\t\t\t<span class=\"elementor-button-text\">Zum Blog<br><\/span>\n\t\t\t\t\t<\/span>\n\t\t\t\t\t<\/a>\n\t\t\t\t\t\t\t\t<\/div>\n\t\t\t\t\t<\/div>\n\t\t\t\t<\/div>\n\t\t\t\t<\/div>\n\t\t\t\t\t<\/div>\n\t\t\t\t<\/div>\n\t\t\t\t<\/div>\n\t\t","protected":false},"excerpt":{"rendered":"<p>Warum konzentrieren wir uns auf Fahrtensegel? Bei der Entwicklung unserer Segel haben wir die Bed\u00fcrfnisse und Vorlieben von Fahrtenseglern und ambitionierten Club-Racern im Blick. Jeder Stich, jedes Detail ist darauf ausgerichtet, nicht nur die Freude am Segeln zu maximieren, sondern auch Ihre Sicherheit auf dem Wasser zu gew\u00e4hrleisten. Mit unseren Segeln k\u00f6nnen Sie Ihre T\u00f6rns [&hellip;]<\/p>\n","protected":false},"author":3,"featured_media":8788,"parent":0,"menu_order":10,"comment_status":"closed","ping_status":"closed","template":"","meta":{"_acf_changed":false,"footnotes":""},"class_list":["post-11244","page","type-page","status-publish","has-post-thumbnail","hentry"],"acf":[],"_links":{"self":[{"href":"https:\/\/www.rollytasker.com\/de\/wp-json\/wp\/v2\/pages\/11244","targetHints":{"allow":["GET"]}}],"collection":[{"href":"https:\/\/www.rollytasker.com\/de\/wp-json\/wp\/v2\/pages"}],"about":[{"href":"https:\/\/www.rollytasker.com\/de\/wp-json\/wp\/v2\/types\/page"}],"author":[{"embeddable":true,"href":"https:\/\/www.rollytasker.com\/de\/wp-json\/wp\/v2\/users\/3"}],"replies":[{"embeddable":true,"href":"https:\/\/www.rollytasker.com\/de\/wp-json\/wp\/v2\/comments?post=11244"}],"version-history":[{"count":0,"href":"https:\/\/www.rollytasker.com\/de\/wp-json\/wp\/v2\/pages\/11244\/revisions"}],"wp:featuredmedia":[{"embeddable":true,"href":"https:\/\/www.rollytasker.com\/de\/wp-json\/wp\/v2\/media\/8788"}],"wp:attachment":[{"href":"https:\/\/www.rollytasker.com\/de\/wp-json\/wp\/v2\/media?parent=11244"}],"curies":[{"name":"wp","href":"https:\/\/api.w.org\/{rel}","templated":true}]}}