{"id":12772,"date":"2019-06-15T20:38:32","date_gmt":"2019-06-15T18:38:32","guid":{"rendered":"https:\/\/dev01.pacific-rope.com\/philosophie\/"},"modified":"2025-04-28T11:02:39","modified_gmt":"2025-04-28T09:02:39","slug":"philosophie","status":"publish","type":"page","link":"https:\/\/www.rollytasker.com\/de\/philosophie\/","title":{"rendered":"Unsere Philosophie"},"content":{"rendered":"\t\t<div data-elementor-type=\"wp-page\" data-elementor-id=\"12772\" class=\"elementor elementor-12772 elementor-10\" data-elementor-post-type=\"page\">\n\t\t\t\t<div class=\"elementor-element elementor-element-de74bfb e-flex e-con-boxed e-con e-parent\" data-id=\"de74bfb\" data-element_type=\"container\" data-e-type=\"container\">\n\t\t\t\t\t<div class=\"e-con-inner\">\n\t\t\t\t<div class=\"elementor-element elementor-element-9cd8690 elementor-widget__width-initial elementor-widget-tablet__width-inherit elementor-widget elementor-widget-text-editor\" data-id=\"9cd8690\" data-element_type=\"widget\" data-e-type=\"widget\" data-widget_type=\"text-editor.default\">\n\t\t\t\t\t\t\t\t\t<p class=\"title\"><strong><span class=\"head\">Hohe Qualit\u00e4t, wettbewerbsf\u00e4hige Preise, schnelle Lieferung und vor allem zufriedene Kunden \u2013 das ist unsere Philosophie bei Rolly Tasker Sails.<\/span><\/strong><\/p><p>Um unser Ziel zu erreichen, arbeitet unser engagiertes Team aus flei\u00dfigen und erfahrenen Segelmachern in allen Aspekten der Segelproduktion \u00e4u\u00dferst sorgf\u00e4ltig: von Segeldesign, Segeltuch und Beschl\u00e4gen bis zu Konstruktion, Verarbeitung und Qualit\u00e4t.<\/p><p>Um wettbewerbsf\u00e4hige Preise zu gew\u00e4hrleisten, legen wir gro\u00dfen Wert auf die kontinuierliche Kostenoptimierung. Wir kaufen Segeltuch in gro\u00dfen Mengen ein und fertigen einen Gro\u00dfteil unserer Segelbeschl\u00e4ge selbst, um h\u00f6chste Qualit\u00e4tsstandards zu gew\u00e4hrleisten und die Kosten so gering wie m\u00f6glich zu halten. Das Unternehmen besitzt die Grundst\u00fccke und Geb\u00e4ude, was die Kapitalkosten weiter reduziert, und die Gesch\u00e4ftsf\u00fchrung sowie die Anteilseigner haben die volle Kontrolle \u00fcber die Zukunft des Unternehmens.  <\/p><p>Wir sind stolz darauf, die daraus resultierenden Vorteile an unsere Kunden weitergeben zu k\u00f6nnen, da wir im Marinebereich \u00e4u\u00dferst wettbewerbsf\u00e4hig sind. Diese Philosophie und der Ruf, den wir uns seit 1949 Tag f\u00fcr Tag erarbeitet haben, haben dazu gef\u00fchrt, dass der Name Rolly Tasker ein Synonym f\u00fcr hochwertige, erschwingliche und problemlose Ausr\u00fcstung und Segel ist, die heute weltweit leicht erh\u00e4ltlich sind. <\/p>\t\t\t\t\t\t\t\t<\/div>\n\t\t\t\t<div class=\"elementor-element elementor-element-5ec69e1 elementor-widget elementor-widget-image\" data-id=\"5ec69e1\" data-element_type=\"widget\" data-e-type=\"widget\" data-widget_type=\"image.default\">\n\t\t\t\t\t\t\t\t\t\t\t\t\t\t\t\t<a href=\"https:\/\/www.rollytasker.com\/wp-content\/uploads\/2024\/06\/rolly-tasker-sails-crew-lifting-large-mainsail.jpg?t=1718102895&#038;t=1718102895\" data-elementor-open-lightbox=\"yes\" data-elementor-lightbox-title=\"Sven Cornelius und das Rolly Tasker Sails Segelmacher Team\" data-e-action-hash=\"#elementor-action%3Aaction%3Dlightbox%26settings%3DeyJpZCI6MTA5NjYsInVybCI6Imh0dHBzOlwvXC93d3cucm9sbHl0YXNrZXIuY29tXC93cC1jb250ZW50XC91cGxvYWRzXC8yMDI0XC8wNlwvcm9sbHktdGFza2VyLXNhaWxzLWNyZXctbGlmdGluZy1sYXJnZS1tYWluc2FpbC5qcGcifQ%3D%3D\">\n\t\t\t\t\t\t\t<img fetchpriority=\"high\" decoding=\"async\" width=\"500\" height=\"500\" src=\"https:\/\/www.rollytasker.com\/wp-content\/uploads\/2024\/06\/rolly-tasker-sails-crew-lifting-large-mainsail-500x500.jpg\" class=\"attachment-medium size-medium wp-image-10966\" alt=\"Sven Cornelius und das Rolly Tasker Sails Segelmacher Team\" srcset=\"https:\/\/www.rollytasker.com\/wp-content\/uploads\/2024\/06\/rolly-tasker-sails-crew-lifting-large-mainsail-500x500.jpg 500w, https:\/\/www.rollytasker.com\/wp-content\/uploads\/2024\/06\/rolly-tasker-sails-crew-lifting-large-mainsail-300x300.jpg 300w, https:\/\/www.rollytasker.com\/wp-content\/uploads\/2024\/06\/rolly-tasker-sails-crew-lifting-large-mainsail-768x767.jpg 768w, https:\/\/www.rollytasker.com\/wp-content\/uploads\/2024\/06\/rolly-tasker-sails-crew-lifting-large-mainsail.jpg 939w\" sizes=\"(max-width: 500px) 100vw, 500px\" loading=\"eager\" title=\"\">\t\t\t\t\t\t\t\t<\/a>\n\t\t\t\t\t\t\t\t\t\t\t\t\t\t\t<\/div>\n\t\t\t\t\t<\/div>\n\t\t\t\t<\/div>\n\t\t<div class=\"elementor-element elementor-element-607da16 e-flex e-con-boxed e-con e-parent\" data-id=\"607da16\" data-element_type=\"container\" data-e-type=\"container\" data-settings=\"{&quot;background_background&quot;:&quot;classic&quot;}\">\n\t\t\t\t\t<div class=\"e-con-inner\">\n\t\t\t\t<div class=\"elementor-element elementor-element-ba3a36b elementor-widget__width-initial elementor-widget elementor-widget-image\" data-id=\"ba3a36b\" data-element_type=\"widget\" data-e-type=\"widget\" data-widget_type=\"image.default\">\n\t\t\t\t\t\t\t\t\t\t\t\t<figure class=\"wp-caption\">\n\t\t\t\t\t\t\t\t\t\t\t<a href=\"https:\/\/www.rollytasker.com\/wp-content\/uploads\/2024\/05\/sail-loft-phuket-aerial-view.jpg\" data-elementor-open-lightbox=\"yes\" data-elementor-lightbox-title=\"Segel Loft Phuket\" data-e-action-hash=\"#elementor-action%3Aaction%3Dlightbox%26settings%3DeyJpZCI6MTA4ODIsInVybCI6Imh0dHBzOlwvXC93d3cucm9sbHl0YXNrZXIuY29tXC93cC1jb250ZW50XC91cGxvYWRzXC8yMDI0XC8wNVwvc2FpbC1sb2Z0LXBodWtldC1hZXJpYWwtdmlldy5qcGcifQ%3D%3D\">\n\t\t\t\t\t\t\t<img decoding=\"async\" width=\"800\" height=\"427\" src=\"https:\/\/www.rollytasker.com\/wp-content\/uploads\/2024\/05\/sail-loft-phuket-aerial-view-1024x546.jpg\" class=\"attachment-large size-large wp-image-10882\" alt=\"Segel Loft Phuket\" srcset=\"https:\/\/www.rollytasker.com\/wp-content\/uploads\/2024\/05\/sail-loft-phuket-aerial-view-1024x546.jpg 1024w, https:\/\/www.rollytasker.com\/wp-content\/uploads\/2024\/05\/sail-loft-phuket-aerial-view-500x267.jpg 500w, https:\/\/www.rollytasker.com\/wp-content\/uploads\/2024\/05\/sail-loft-phuket-aerial-view-768x410.jpg 768w, https:\/\/www.rollytasker.com\/wp-content\/uploads\/2024\/05\/sail-loft-phuket-aerial-view-1536x820.jpg 1536w, https:\/\/www.rollytasker.com\/wp-content\/uploads\/2024\/05\/sail-loft-phuket-aerial-view.jpg 1700w\" sizes=\"(max-width: 800px) 100vw, 800px\" loading=\"eager\" title=\"\">\t\t\t\t\t\t\t\t<\/a>\n\t\t\t\t\t\t\t\t\t\t\t<figcaption class=\"widget-image-caption wp-caption-text\">Weltweit gr\u00f6\u00dfte speziell errichtete Segelmacherei<\/figcaption>\n\t\t\t\t\t\t\t\t\t\t<\/figure>\n\t\t\t\t\t\t\t\t\t<\/div>\n\t\t\t\t<div class=\"elementor-element elementor-element-317a891 elementor-widget__width-initial elementor-widget-tablet__width-inherit elementor-widget elementor-widget-text-editor\" data-id=\"317a891\" data-element_type=\"widget\" data-e-type=\"widget\" data-widget_type=\"text-editor.default\">\n\t\t\t\t\t\t\t\t\t<h2>Unsere Segelmacherei<\/h2><p class=\"title\"><strong><span class=\"head\">Die weltweit gr\u00f6\u00dfte, speziell f\u00fcr diesen Zweck gebaute Segelwerkstatt<\/span><\/strong><\/p><p>Wir haben uns f\u00fcr Phuket in Thailand als Standort f\u00fcr unsere Export-Segelwerkstatt entschieden, da die Insel eine zentrale Rolle f\u00fcr die Schifffahrtsbranche in S\u00fcdostasien spielt, qualifizierte Arbeitskr\u00e4fte bietet, eine stetig wachsende Anzahl von Yachten aus aller Welt anzieht und \u00fcber eine hervorragende Infrastruktur verf\u00fcgt. Der internationale Flughafen Phuket bietet t\u00e4gliche Fl\u00fcge zu weltweiten Zielen sowie zahlreiche t\u00e4gliche Verbindungen nach Bangkok und zur\u00fcck. Der Export von Segeln in \u00fcber 60 L\u00e4nder von unserer thail\u00e4ndischen Segelproduktionsst\u00e4tte ist dadurch vollkommen unkompliziert.  <\/p><p> <\/p>\t\t\t\t\t\t\t\t<\/div>\n\t\t\t\t\t<\/div>\n\t\t\t\t<\/div>\n\t\t<div class=\"elementor-element elementor-element-df97e36 e-flex e-con-boxed e-con e-parent\" data-id=\"df97e36\" data-element_type=\"container\" data-e-type=\"container\" data-settings=\"{&quot;background_background&quot;:&quot;classic&quot;}\">\n\t\t\t\t\t<div class=\"e-con-inner\">\n\t\t\t\t<div class=\"elementor-element elementor-element-6c1dfcd elementor-widget__width-initial elementor-widget-tablet__width-inherit elementor-widget elementor-widget-text-editor\" data-id=\"6c1dfcd\" data-element_type=\"widget\" data-e-type=\"widget\" data-widget_type=\"text-editor.default\">\n\t\t\t\t\t\t\t\t\t<h2>Unsere Qualit\u00e4tsstandards<\/h2><p class=\"title\"><strong><span class=\"head\">Leistung hat viel mit Qualit\u00e4t zu tun, insbesondere wenn das Segel \u00fcber einen langen Zeitraum genutzt wird.<\/span><\/strong><\/p><p>Seit \u00fcber 60 Jahren fertigen wir Segel nach diesem Prinzip. Unsere jahrzehntelange Erfahrung, die Produktion von mehr als 2,2 Millionen Segeln und der Einsatz modernster Technologien in unserem Hause erm\u00f6glichen es uns, unsere f\u00fchrende Position zu behaupten, insbesondere bei der Herstellung von Hochsee-Fahrtensegeln, f\u00fcr die wir weltweit bekannt sind. <\/p>\t\t\t\t\t\t\t\t<\/div>\n\t\t\t\t<div class=\"elementor-element elementor-element-d813078 elementor-widget elementor-widget-gallery\" data-id=\"d813078\" data-element_type=\"widget\" data-e-type=\"widget\" data-settings=\"{&quot;gallery_layout&quot;:&quot;justified&quot;,&quot;lazyload&quot;:&quot;yes&quot;,&quot;ideal_row_height&quot;:{&quot;unit&quot;:&quot;px&quot;,&quot;size&quot;:200,&quot;sizes&quot;:[]},&quot;ideal_row_height_widescreen&quot;:{&quot;unit&quot;:&quot;px&quot;,&quot;size&quot;:&quot;&quot;,&quot;sizes&quot;:[]},&quot;ideal_row_height_tablet_extra&quot;:{&quot;unit&quot;:&quot;px&quot;,&quot;size&quot;:150,&quot;sizes&quot;:[]},&quot;ideal_row_height_tablet&quot;:{&quot;unit&quot;:&quot;px&quot;,&quot;size&quot;:150,&quot;sizes&quot;:[]},&quot;ideal_row_height_mobile&quot;:{&quot;unit&quot;:&quot;px&quot;,&quot;size&quot;:150,&quot;sizes&quot;:[]},&quot;gap&quot;:{&quot;unit&quot;:&quot;px&quot;,&quot;size&quot;:10,&quot;sizes&quot;:[]},&quot;gap_widescreen&quot;:{&quot;unit&quot;:&quot;px&quot;,&quot;size&quot;:&quot;&quot;,&quot;sizes&quot;:[]},&quot;gap_tablet_extra&quot;:{&quot;unit&quot;:&quot;px&quot;,&quot;size&quot;:10,&quot;sizes&quot;:[]},&quot;gap_tablet&quot;:{&quot;unit&quot;:&quot;px&quot;,&quot;size&quot;:10,&quot;sizes&quot;:[]},&quot;gap_mobile&quot;:{&quot;unit&quot;:&quot;px&quot;,&quot;size&quot;:10,&quot;sizes&quot;:[]},&quot;link_to&quot;:&quot;file&quot;,&quot;overlay_background&quot;:&quot;yes&quot;,&quot;content_hover_animation&quot;:&quot;fade-in&quot;}\" data-widget_type=\"gallery.default\">\n\t\t\t\t\t\t\t<div class=\"elementor-gallery__container\">\n\t\t\t\t\t\t\t<a class=\"e-gallery-item elementor-gallery-item elementor-animated-content\" href=\"https:\/\/www.rollytasker.com\/wp-content\/uploads\/2019\/07\/headsail-hank.jpg\" data-elementor-open-lightbox=\"yes\" data-elementor-lightbox-slideshow=\"d813078\" data-elementor-lightbox-title=\"headsail-hank\" data-e-action-hash=\"#elementor-action%3Aaction%3Dlightbox%26settings%3DeyJpZCI6ODc5NywidXJsIjoiaHR0cHM6XC9cL3d3dy5yb2xseXRhc2tlci5jb21cL3dwLWNvbnRlbnRcL3VwbG9hZHNcLzIwMTlcLzA3XC9oZWFkc2FpbC1oYW5rLmpwZyIsInNsaWRlc2hvdyI6ImQ4MTMwNzgifQ%3D%3D\">\n\t\t\t\t\t<div class=\"e-gallery-image elementor-gallery-item__image\" data-thumbnail=\"https:\/\/www.rollytasker.com\/wp-content\/uploads\/2019\/07\/headsail-hank-300x261.jpg\" data-width=\"300\" data-height=\"261\" aria-label=\"\" role=\"img\" ><\/div>\n\t\t\t\t\t\t\t\t\t\t\t<div class=\"elementor-gallery-item__overlay\"><\/div>\n\t\t\t\t\t\t\t\t\t\t\t\t\t\t<\/a>\n\t\t\t\t\t\t\t<a class=\"e-gallery-item elementor-gallery-item elementor-animated-content\" href=\"https:\/\/www.rollytasker.com\/wp-content\/uploads\/2019\/07\/headsail-clew.jpg\" data-elementor-open-lightbox=\"yes\" data-elementor-lightbox-slideshow=\"d813078\" data-elementor-lightbox-title=\"headsail-clew\" data-e-action-hash=\"#elementor-action%3Aaction%3Dlightbox%26settings%3DeyJpZCI6ODc5NCwidXJsIjoiaHR0cHM6XC9cL3d3dy5yb2xseXRhc2tlci5jb21cL3dwLWNvbnRlbnRcL3VwbG9hZHNcLzIwMTlcLzA3XC9oZWFkc2FpbC1jbGV3LmpwZyIsInNsaWRlc2hvdyI6ImQ4MTMwNzgifQ%3D%3D\">\n\t\t\t\t\t<div class=\"e-gallery-image elementor-gallery-item__image\" data-thumbnail=\"https:\/\/www.rollytasker.com\/wp-content\/uploads\/2019\/07\/headsail-clew-300x261.jpg\" data-width=\"300\" data-height=\"261\" aria-label=\"\" role=\"img\" ><\/div>\n\t\t\t\t\t\t\t\t\t\t\t<div class=\"elementor-gallery-item__overlay\"><\/div>\n\t\t\t\t\t\t\t\t\t\t\t\t\t\t<\/a>\n\t\t\t\t\t\t\t<a class=\"e-gallery-item elementor-gallery-item elementor-animated-content\" href=\"https:\/\/www.rollytasker.com\/wp-content\/uploads\/2022\/02\/attention-to-high-quality-detailing.jpeg\" data-elementor-open-lightbox=\"yes\" data-elementor-lightbox-slideshow=\"d813078\" data-elementor-lightbox-title=\"Attention To High Quality Detailing\" data-e-action-hash=\"#elementor-action%3Aaction%3Dlightbox%26settings%3DeyJpZCI6OTk3MCwidXJsIjoiaHR0cHM6XC9cL3d3dy5yb2xseXRhc2tlci5jb21cL3dwLWNvbnRlbnRcL3VwbG9hZHNcLzIwMjJcLzAyXC9hdHRlbnRpb24tdG8taGlnaC1xdWFsaXR5LWRldGFpbGluZy5qcGVnIiwic2xpZGVzaG93IjoiZDgxMzA3OCJ9\">\n\t\t\t\t\t<div class=\"e-gallery-image elementor-gallery-item__image\" data-thumbnail=\"https:\/\/www.rollytasker.com\/wp-content\/uploads\/2022\/02\/attention-to-high-quality-detailing-300x200.jpeg\" data-width=\"300\" data-height=\"200\" aria-label=\"\" role=\"img\" ><\/div>\n\t\t\t\t\t\t\t\t\t\t\t<div class=\"elementor-gallery-item__overlay\"><\/div>\n\t\t\t\t\t\t\t\t\t\t\t\t\t\t<\/a>\n\t\t\t\t\t<\/div>\n\t\t\t\t\t<\/div>\n\t\t\t\t\t<\/div>\n\t\t\t\t<\/div>\n\t\t<div class=\"elementor-element elementor-element-2c4fb56 e-flex e-con-boxed e-con e-parent\" data-id=\"2c4fb56\" data-element_type=\"container\" data-e-type=\"container\" data-settings=\"{&quot;background_background&quot;:&quot;classic&quot;}\">\n\t\t\t\t\t<div class=\"e-con-inner\">\n\t\t\t\t<div class=\"elementor-element elementor-element-4f4d0f6 elementor-widget__width-initial elementor-widget elementor-widget-image\" data-id=\"4f4d0f6\" data-element_type=\"widget\" data-e-type=\"widget\" data-widget_type=\"image.default\">\n\t\t\t\t\t\t\t\t\t\t\t\t\t\t\t\t<a href=\"https:\/\/www.rollytasker.com\/wp-content\/uploads\/2024\/06\/classic-sail-yacht-cariad-1.jpg\" data-elementor-open-lightbox=\"yes\" data-elementor-lightbox-title=\"classic-sail-yacht-cariad-1\" data-e-action-hash=\"#elementor-action%3Aaction%3Dlightbox%26settings%3DeyJpZCI6MTA5NzUsInVybCI6Imh0dHBzOlwvXC93d3cucm9sbHl0YXNrZXIuY29tXC93cC1jb250ZW50XC91cGxvYWRzXC8yMDI0XC8wNlwvY2xhc3NpYy1zYWlsLXlhY2h0LWNhcmlhZC0xLmpwZyJ9\">\n\t\t\t\t\t\t\t<img decoding=\"async\" width=\"800\" height=\"450\" src=\"https:\/\/www.rollytasker.com\/wp-content\/uploads\/2024\/06\/classic-sail-yacht-cariad-1-1024x576.jpg\" class=\"attachment-large size-large wp-image-10975\" alt=\"\" srcset=\"https:\/\/www.rollytasker.com\/wp-content\/uploads\/2024\/06\/classic-sail-yacht-cariad-1-1024x576.jpg 1024w, https:\/\/www.rollytasker.com\/wp-content\/uploads\/2024\/06\/classic-sail-yacht-cariad-1-500x281.jpg 500w, https:\/\/www.rollytasker.com\/wp-content\/uploads\/2024\/06\/classic-sail-yacht-cariad-1-768x432.jpg 768w, https:\/\/www.rollytasker.com\/wp-content\/uploads\/2024\/06\/classic-sail-yacht-cariad-1.jpg 1200w\" sizes=\"(max-width: 800px) 100vw, 800px\" loading=\"eager\" title=\"\">\t\t\t\t\t\t\t\t<\/a>\n\t\t\t\t\t\t\t\t\t\t\t\t\t\t\t<\/div>\n\t\t\t\t<div class=\"elementor-element elementor-element-eacca56 elementor-widget__width-initial elementor-widget-tablet__width-inherit elementor-widget elementor-widget-text-editor\" data-id=\"eacca56\" data-element_type=\"widget\" data-e-type=\"widget\" data-widget_type=\"text-editor.default\">\n\t\t\t\t\t\t\t\t\t<h2>Umweltschutz<\/h2><p class=\"title\"><strong><span class=\"head\">Segler waren schon umweltfreundlich, als \u201agr\u00fcn\u2018 noch kein allgemeiner Begriff war.<\/span><\/strong><\/p><p>Wir haben dies verinnerlicht und deshalb beim Bau dieser Segelmacherei gro\u00dfen Wert auf nachhaltige Baumaterialien, ein energieeffizientes Klimasystem und die Gestaltung der Arbeitspl\u00e4tze gelegt. Ein optimales Arbeitsumfeld mit erstklassigen Einrichtungen f\u00fcr unsere Mitarbeiter war uns von h\u00f6chster Bedeutung. Und wir haben jederzeit eine offene T\u00fcr f\u00fcr unsere Kunden, die bei einem Snack und Kaffee die Atmosph\u00e4re genie\u00dfen und die Entstehung von Segeln miterleben k\u00f6nnen.  <\/p><p> <\/p>\t\t\t\t\t\t\t\t<\/div>\n\t\t\t\t\t<\/div>\n\t\t\t\t<\/div>\n\t\t\t\t<\/div>\n\t\t","protected":false},"excerpt":{"rendered":"<p>Hohe Qualit\u00e4t, wettbewerbsf\u00e4hige Preise, schnelle Lieferung und vor allem zufriedene Kunden \u2013 das ist unsere Philosophie bei Rolly Tasker Sails. Um unser Ziel zu erreichen, arbeitet unser engagiertes Team aus flei\u00dfigen und erfahrenen Segelmachern in allen Aspekten der Segelproduktion \u00e4u\u00dferst sorgf\u00e4ltig: von Segeldesign, Segeltuch und Beschl\u00e4gen bis zu Konstruktion, Verarbeitung und Qualit\u00e4t. Um wettbewerbsf\u00e4hige Preise [&hellip;]<\/p>\n","protected":false},"author":3,"featured_media":10876,"parent":0,"menu_order":70,"comment_status":"closed","ping_status":"closed","template":"","meta":{"_acf_changed":false,"footnotes":""},"class_list":["post-12772","page","type-page","status-publish","has-post-thumbnail","hentry"],"acf":[],"_links":{"self":[{"href":"https:\/\/www.rollytasker.com\/de\/wp-json\/wp\/v2\/pages\/12772","targetHints":{"allow":["GET"]}}],"collection":[{"href":"https:\/\/www.rollytasker.com\/de\/wp-json\/wp\/v2\/pages"}],"about":[{"href":"https:\/\/www.rollytasker.com\/de\/wp-json\/wp\/v2\/types\/page"}],"author":[{"embeddable":true,"href":"https:\/\/www.rollytasker.com\/de\/wp-json\/wp\/v2\/users\/3"}],"replies":[{"embeddable":true,"href":"https:\/\/www.rollytasker.com\/de\/wp-json\/wp\/v2\/comments?post=12772"}],"version-history":[{"count":0,"href":"https:\/\/www.rollytasker.com\/de\/wp-json\/wp\/v2\/pages\/12772\/revisions"}],"wp:featuredmedia":[{"embeddable":true,"href":"https:\/\/www.rollytasker.com\/de\/wp-json\/wp\/v2\/media\/10876"}],"wp:attachment":[{"href":"https:\/\/www.rollytasker.com\/de\/wp-json\/wp\/v2\/media?parent=12772"}],"curies":[{"name":"wp","href":"https:\/\/api.w.org\/{rel}","templated":true}]}}