{"id":13005,"date":"2025-03-31T12:31:12","date_gmt":"2025-03-31T10:31:12","guid":{"rendered":"https:\/\/dev01.pacific-rope.com\/barrierefreiheit\/"},"modified":"2025-04-28T11:04:03","modified_gmt":"2025-04-28T09:04:03","slug":"barrierefreiheit","status":"publish","type":"page","link":"https:\/\/www.rollytasker.com\/de\/barrierefreiheit\/","title":{"rendered":"Erkl\u00e4rung zur Barrierefreiheit"},"content":{"rendered":"\t\t<div data-elementor-type=\"wp-page\" data-elementor-id=\"13005\" class=\"elementor elementor-13005 elementor-12943\" data-elementor-post-type=\"page\">\n\t\t\t\t<div class=\"elementor-element elementor-element-2e16f073 e-flex e-con-boxed e-con e-parent\" data-id=\"2e16f073\" data-element_type=\"container\" data-e-type=\"container\">\n\t\t\t\t\t<div class=\"e-con-inner\">\n\t\t\t\t<div class=\"elementor-element elementor-element-25626cde elementor-widget elementor-widget-text-editor\" data-id=\"25626cde\" data-element_type=\"widget\" data-e-type=\"widget\" data-widget_type=\"text-editor.default\">\n\t\t\t\t\t\t\t\t\t<p>Rolly Tasker Sails ist bestrebt, eine vollst\u00e4ndig zug\u00e4ngliche Website f\u00fcr alle Nutzer mit unterschiedlichen F\u00e4higkeiten bereitzustellen, einschlie\u00dflich derjenigen, die auf unterst\u00fctzende Technologien wie Bildschirmleseger\u00e4te, Software zur Bildschirmvergr\u00f6\u00dferung und alternative Tastatureingabeger\u00e4te angewiesen sind, um im Internet zu navigieren.<\/p><h2><strong>Fortlaufende Ma\u00dfnahmen zur Sicherstellung der Barrierefreiheit<\/strong><\/h2><p>Wir orientieren uns an den <a href=\"https:\/\/www.w3.org\/TR\/WCAG21\/\" target=\"_blank\" rel=\"noopener\">Web Content Accessibility Guidelines (WCAG) Version 2.1<\/a>, um die Zug\u00e4nglichkeit zu bestimmen. Dabei handelt es sich um international vereinbarte Standards, die ein breites Spektrum an Empfehlungen und bew\u00e4hrten Verfahren f\u00fcr die Nutzbarmachung von Inhalten umfassen. Wenn wir unserer Website neue Seiten und Funktionen hinzuf\u00fcgen, werden alle Entw\u00fcrfe, Codes und Verfahren zur Eingabe von Inhalten anhand dieser Standards \u00fcberpr\u00fcft.  <\/p><p>Die Zug\u00e4nglichkeit von Websites ist ein fortlaufender Prozess. Wir testen kontinuierlich Inhalte und Funktionen auf die Einhaltung der WCAG 2.1 Stufe AA und beheben alle Probleme, um sicherzustellen, dass wir die Standards erf\u00fcllen oder \u00fcbertreffen. Die Pr\u00fcfung unserer Website wird von unseren Teammitgliedern mit branchen\u00fcblichen Tools wie dem <a href=\"https:\/\/a11ychecker.com\/\" target=\"_blank\" rel=\"noopener\">Accessibility Checker WordPress Plugin<\/a>, Farbkontrastanalysatoren, Navigationstechniken nur mit der Tastatur und Flesch-Kincaid-Lesbarkeitstests durchgef\u00fchrt.  <\/p><h2>Barrierefreie Funktionen unserer Website<\/h2><p>Im Folgenden finden Sie eine Liste von Elementen, die wir in unsere Website aufgenommen haben, um ihre Zug\u00e4nglichkeit zu verbessern:<\/p><ul><li>Wir verwenden das WP Accessibility Plugin<\/li><li>Responsive (anpassbare) Textgr\u00f6\u00dfen<\/li><li>&#8222;Zum Inhalt springen&#8220; Links<\/li><li>Textlinks sind unterstrichen<\/li><li>Barrierefreies Anmeldeformular f\u00fcr den Newsletter<\/li><li>Barrierefreies Formular &#8222;Angebot anfragen&#8220;<\/li><li>Symbolleiste f\u00fcr Barrierefreiheit zur Erh\u00f6hung von Kontrast und Textgr\u00f6\u00dfe<\/li><\/ul><h2>Wo wir uns noch verbessern<\/h2><p>In unseren Bem\u00fchungen, unsere Website auf den neuesten Stand zu bringen, konzentrieren wir uns auf die folgenden Bereiche:<\/p><ul><li>Verwendung von ARIA-Elementen<\/li><li>Vollst\u00e4ndige Benutzerfreundlichkeit \u00fcber die Tastatur<\/li><li>Barrierefreies Suchfeld in der Navigation<\/li><li>Link zum Webshop auf dem Einkaufswagen-Symbol ohne Text (aber mit einem beschreibenden Titel-Tag)<\/li><li>G\u00fcltige Hypertext-Referenzen auf allen Links<\/li><li>Hoher Kontrast auf allen Elementen<\/li><\/ul><p>Dies ist Teil unserer allgemeinen Bem\u00fchungen, www.rollytasker.com f\u00fcr alle Nutzer zu einem angenehmen und freundlichen Ort zu machen. Bitte beachten Sie, dass wir uns zwar bem\u00fchen, allen Nutzern barrierefreie Informationen zur Verf\u00fcgung zu stellen, dass wir jedoch keine Garantie f\u00fcr die Barrierefreiheit von Websites Dritter \u00fcbernehmen k\u00f6nnen, auf die wir m\u00f6glicherweise verlinken. <\/p><h2>Support-Kontakt f\u00fcr Barrierefreiheit-Fragen<\/h2><p>Wir freuen uns \u00fcber Kommentare, Fragen und Feedback zu unserer Website. Wenn Sie unterst\u00fctzende Technologien verwenden und Schwierigkeiten bei der Nutzung unserer Website haben, senden Sie bitte eine E-Mail an info@rollytasker.com oder rufen Sie uns an unter +66 (0)76 521 591. Wir werden unser Bestes tun, um Sie zu unterst\u00fctzen und Probleme zu l\u00f6sen.  <\/p><p>Oder verwenden Sie einfach dieses Formular:<\/p>\t\t\t\t\t\t\t\t<\/div>\n\t\t\t\t<div class=\"elementor-element elementor-element-68b6f20 fluent-form-widget-step-header-yes fluent-form-widget-step-progressbar-yes fluentform-widget-submit-button-custom elementor-widget elementor-widget-fluent-form-widget\" data-id=\"68b6f20\" data-element_type=\"widget\" data-e-type=\"widget\" data-widget_type=\"fluent-form-widget.default\">\n\t\t\t\t<div class=\"elementor-widget-container\">\n\t\t\t\t\t\n            <div class=\"fluentform-widget-wrapper fluentform-widget-custom-radio-checkbox fluentform-widget-align-default\">\n\n            \n            <div class='fluentform ff-default fluentform_wrapper_8 ffs_default_wrap'><form data-form_id=\"8\" id=\"fluentform_8\" class=\"frm-fluent-form fluent_form_8 ff-el-form-top ff_form_instance_8_1 ff-form-loading ffs_default\" data-form_instance=\"ff_form_instance_8_1\" method=\"POST\" data-turnstile_key=\"0x4AAAAAABFZOB-ASiTbWWlW\" ><fieldset  style=\"border: none!important;margin: 0!important;padding: 0!important;background-color: transparent!important;box-shadow: none!important;outline: none!important; min-inline-size: 100%;\">\n                    <legend class=\"ff_screen_reader_title\" style=\"display: block; margin: 0!important;padding: 0!important;height: 0!important;text-indent: -999999px;width: 0!important;overflow:hidden;\">Accessibility Issue Report (EN)<\/legend>        <div\n                style=\"display: none!important; position: absolute!important; transform: translateX(1000%)!important;\"\n                class=\"ff-el-group ff-hpsf-container\"\n        >\n            <div class=\"ff-el-input--label asterisk-right\">\n                <label for=\"ff_8_item_sf\" aria-label=\"Subscribe\">\n                    Subscribe                <\/label>\n            <\/div>\n            <div class=\"ff-el-input--content\">\n                <input type=\"text\"\n                       name=\"item_8__fluent_sf\"\n                       class=\"ff-el-form-control\"\n                       id=\"ff_8_item_sf\"\n                \/>\n            <\/div>\n        <\/div>\n                <input type=\"hidden\" id=\"__fluent_protection_token_8\" class=\"fluent-form-token-field\" name=\"__fluent_protection_token_8\">\n        <input type='hidden' name='__fluent_form_embded_post_id' value='13005' \/><input type=\"hidden\" id=\"_fluentform_8_fluentformnonce\" name=\"_fluentform_8_fluentformnonce\" value=\"9543c1656b\" \/><input type=\"hidden\" name=\"_wp_http_referer\" value=\"\/de\/wp-json\/wp\/v2\/pages\/13005\" \/><div class='ff-el-group'><div class=\"ff-el-input--label asterisk-right\"><label for='ff_8_page_url' id='label_ff_8_page_url' aria-label=\"Page URL (optional - but this would help a lot)\">Page URL (optional - but this would help a lot)<\/label><\/div><div class='ff-el-input--content'><input type=\"text\" name=\"page_url\" class=\"ff-el-form-control\" placeholder=\"Enter the URL where you found the issue\" data-name=\"page_url\" tabindex=\"1\" id=\"ff_8_page_url\"  aria-invalid=\"false\" aria-required=false><\/div><\/div><div class='ff-el-group'><div class=\"ff-el-input--label ff-el-is-required asterisk-right\"><label for='ff_8_issue_type' id='label_ff_8_issue_type' aria-label=\"Type of Issue\">Type of Issue<\/label><\/div><div class='ff-el-input--content'><select name=\"issue_type\" id=\"ff_8_issue_type\" class=\"ff-el-form-control\" data-name=\"issue_type\" data-calc_value=\"0\" tabindex=\"2\"  aria-invalid=\"false\" aria-required=\"true\" aria-labelledby=\"label_ff_8_issue_type\"><option value=\"\">- Select Issue Type -<\/option><option value=\"keyboard_navigation\"  >Keyboard Navigation<\/option><option value=\"screen_reader\"  >Screen Reader<\/option><option value=\"color_contrast\"  >Color Contrast<\/option><option value=\"alternative_text\"  >Alternative Text<\/option><option value=\"form_labels\"  >Form Labels<\/option><option value=\"other\"  >Other<\/option><\/select><\/div><\/div><div class='ff-el-group'><div class=\"ff-el-input--label ff-el-is-required asterisk-right\"><label for='ff_8_issue_description' id='label_ff_8_issue_description' aria-label=\"Issue Description\">Issue Description<\/label><\/div><div class='ff-el-input--content'><textarea aria-required=\"true\" aria-labelledby=\"label_ff_8_issue_description\" name=\"issue_description\" id=\"ff_8_issue_description\" class=\"ff-el-form-control\" placeholder=\"Describe the accessibility issue in detail\" rows=\"4\" cols=\"2\" data-name=\"issue_description\" tabindex=\"3\" ><\/textarea><\/div><\/div><div class='ff-el-group'><div class=\"ff-el-input--label asterisk-right\"><label for='ff_8_suggested_fix' id='label_ff_8_suggested_fix' aria-label=\"Suggested Fix (optional)\">Suggested Fix (optional)<\/label><\/div><div class='ff-el-input--content'><input type=\"text\" name=\"suggested_fix\" class=\"ff-el-form-control\" placeholder=\"Suggest a possible solution (optional)\" data-name=\"suggested_fix\" tabindex=\"4\" id=\"ff_8_suggested_fix\"  aria-invalid=\"false\" aria-required=false><\/div><\/div><div class='ff-el-group'><div class=\"ff-el-input--label asterisk-right\"><label for='ff_8_dropdown' id='label_ff_8_dropdown' aria-label=\"Device used (optional)\">Device used (optional)<\/label><div class=\"ff-el-tooltip\" data-content=\"Which device were you using when you discovered the problem?\"><svg width=\"16\" height=\"16\" viewBox=\"0 0 25 25\"><path d=\"m329 393l0-46c0-2-1-4-2-6-2-2-4-3-7-3l-27 0 0-146c0-3-1-5-3-7-2-1-4-2-7-2l-91 0c-3 0-5 1-7 2-1 2-2 4-2 7l0 46c0 2 1 5 2 6 2 2 4 3 7 3l27 0 0 91-27 0c-3 0-5 1-7 3-1 2-2 4-2 6l0 46c0 3 1 5 2 7 2 1 4 2 7 2l128 0c3 0 5-1 7-2 1-2 2-4 2-7z m-36-256l0-46c0-2-1-4-3-6-2-2-4-3-7-3l-54 0c-3 0-5 1-7 3-2 2-3 4-3 6l0 46c0 3 1 5 3 7 2 1 4 2 7 2l54 0c3 0 5-1 7-2 2-2 3-4 3-7z m182 119c0 40-9 77-29 110-20 34-46 60-80 80-33 20-70 29-110 29-40 0-77-9-110-29-34-20-60-46-80-80-20-33-29-70-29-110 0-40 9-77 29-110 20-34 46-60 80-80 33-20 70-29 110-29 40 0 77 9 110 29 34 20 60 46 80 80 20 33 29 70 29 110z\" transform=\"scale(0.046875 0.046875)\"><\/path><\/svg><\/div><\/div><div class='ff-el-input--content'><select name=\"dropdown\" id=\"ff_8_dropdown\" class=\"ff-el-form-control\" data-name=\"dropdown\" data-calc_value=\"0\" tabindex=\"5\"  aria-invalid=\"false\" aria-required=\"false\" aria-labelledby=\"label_ff_8_dropdown\"><option value=\"\">- Select device -<\/option><option value=\"computer or laptop\"  >computer or laptop<\/option><option value=\"mobile phone\"  >mobile phone<\/option><option value=\"tablet\"  >tablet<\/option><option value=\"something else\"  >something else<\/option><\/select><\/div><\/div><div class='ff-el-group'><div class=\"ff-el-input--label asterisk-right\"><label for='ff_8_reporter_email' id='label_ff_8_reporter_email' aria-label=\"Email (optional - if you like us to respond)\">Email (optional - if you like us to respond)<\/label><\/div><div class='ff-el-input--content'><input type=\"email\" name=\"reporter_email\" id=\"ff_8_reporter_email\" class=\"ff-el-form-control\" placeholder=\"Enter Your Email Address\" data-name=\"reporter_email\" tabindex=\"6\"  aria-invalid=\"false\" aria-required=false><\/div><\/div><div class='ff-el-group    ff-el-input--content'><div class='ff-el-form-check ff-el-tc'><label aria-label='Terms and Conditions: I have acknowledged the privacy statement. I agree that my data will be electronically used and saved to answer my request. Note \u2014 you can cancel your agreement in future at any time by writing to info@rollytasker.com Contains 1 link. Use tab navigation to review.' class='ff-el-form-check-label ff_tc_label' for=gdpr-agreement_5979887df0ec7742b44cb8db6ef15f48><span class='ff_tc_checkbox'><input type=\"checkbox\" name=\"gdpr-agreement\" class=\"ff-el-form-check-input ff_gdpr_field\" data-name=\"gdpr-agreement\" id=\"gdpr-agreement_5979887df0ec7742b44cb8db6ef15f48\" tabindex=\"7\"  value='on' aria-invalid='false' aria-required=true><\/span> <div class='ff_t_c'>I have acknowledged the <a href=\"https:\/\/www.rollytasker.com\/privacy-policy\/\">privacy statement<\/a>. I agree that my data will be electronically used and saved to answer my request. Note \u2014 you can cancel your agreement in future at any time by writing to info@rollytasker.com<\/div><\/label><\/div><\/div><div class='ff-el-group ' ><div class='ff-el-input--content'><div data-fluent_id='8' name='cf-turnstile-response'><div\n\t\tdata-sitekey='0x4AAAAAABFZOB-ASiTbWWlW'\n\t\tdata-theme='auto'\n\t\tid='fluentform-turnstile-8-1'\n\t\tclass='ff-el-turnstile cf-turnstile'\n\t\tdata-appearance='always'><\/div><\/div><\/div><\/div><div class='ff-el-group ff-text-left ff_submit_btn_wrapper'><button type=\"submit\" class=\"ff-btn ff-btn-submit ff-btn-md ff_btn_style\" tabindex=\"8\"  aria-label=\"Report an accessibility issue\">Report an accessibility issue<\/button><\/div><\/fieldset><\/form><div id='fluentform_8_errors' class='ff-errors-in-stack ff_form_instance_8_1 ff-form-loading_errors ff_form_instance_8_1_errors'><\/div><\/div>            <script type=\"text\/javascript\">\n                window.fluent_form_ff_form_instance_8_1 = {\"id\":\"8\",\"settings\":{\"layout\":{\"labelPlacement\":\"top\",\"helpMessagePlacement\":\"with_label\",\"errorMessagePlacement\":\"inline\"},\"restrictions\":{\"denyEmptySubmission\":{\"enabled\":false}}},\"form_instance\":\"ff_form_instance_8_1\",\"form_id_selector\":\"fluentform_8\",\"rules\":{\"page_url\":{\"required\":{\"value\":false,\"message\":\"This field is required\",\"global_message\":\"This field is required\",\"global\":true},\"url\":{\"value\":true,\"message\":\"This field must contain a valid url\",\"global_message\":\"This field must contain a valid url\",\"global\":true}},\"issue_type\":{\"required\":{\"value\":true,\"message\":\"This field is required\",\"global_message\":\"This field is required\",\"global\":true}},\"issue_description\":{\"required\":{\"value\":true,\"message\":\"This field is required\",\"global_message\":\"This field is required\",\"global\":true}},\"suggested_fix\":{\"required\":{\"value\":false,\"message\":\"This field is required\",\"global_message\":\"This field is required\",\"global\":true}},\"dropdown\":{\"required\":{\"value\":false,\"message\":\"This field is required\",\"global_message\":\"This field is required\",\"global\":true}},\"reporter_email\":{\"required\":{\"value\":false,\"message\":\"This field is required\",\"global_message\":\"This field is required\",\"global\":true},\"email\":{\"value\":true,\"message\":\"This field must contain a valid email\",\"global_message\":\"This field must contain a valid email\",\"global\":true}},\"gdpr-agreement\":{\"required\":{\"value\":true,\"message\":\"This field is required\",\"global_message\":\"This field is required\",\"global\":true}}},\"debounce_time\":300};\n                            <\/script>\n                        <\/div>\n\n            \t\t\t\t<\/div>\n\t\t\t\t<\/div>\n\t\t\t\t\t<\/div>\n\t\t\t\t<\/div>\n\t\t\t\t<\/div>\n\t\t","protected":false},"excerpt":{"rendered":"<p>Rolly Tasker Sails ist bestrebt, eine vollst\u00e4ndig zug\u00e4ngliche Website f\u00fcr alle Nutzer mit unterschiedlichen F\u00e4higkeiten bereitzustellen, einschlie\u00dflich derjenigen, die auf unterst\u00fctzende Technologien wie Bildschirmleseger\u00e4te, Software zur Bildschirmvergr\u00f6\u00dferung und alternative Tastatureingabeger\u00e4te angewiesen sind, um im Internet zu navigieren. Fortlaufende Ma\u00dfnahmen zur Sicherstellung der Barrierefreiheit Wir orientieren uns an den Web Content Accessibility Guidelines (WCAG) Version 2.1, [&hellip;]<\/p>\n","protected":false},"author":3,"featured_media":0,"parent":0,"menu_order":999,"comment_status":"closed","ping_status":"closed","template":"","meta":{"_acf_changed":false,"footnotes":""},"class_list":["post-13005","page","type-page","status-publish","hentry"],"acf":[],"_links":{"self":[{"href":"https:\/\/www.rollytasker.com\/de\/wp-json\/wp\/v2\/pages\/13005","targetHints":{"allow":["GET"]}}],"collection":[{"href":"https:\/\/www.rollytasker.com\/de\/wp-json\/wp\/v2\/pages"}],"about":[{"href":"https:\/\/www.rollytasker.com\/de\/wp-json\/wp\/v2\/types\/page"}],"author":[{"embeddable":true,"href":"https:\/\/www.rollytasker.com\/de\/wp-json\/wp\/v2\/users\/3"}],"replies":[{"embeddable":true,"href":"https:\/\/www.rollytasker.com\/de\/wp-json\/wp\/v2\/comments?post=13005"}],"version-history":[{"count":0,"href":"https:\/\/www.rollytasker.com\/de\/wp-json\/wp\/v2\/pages\/13005\/revisions"}],"wp:attachment":[{"href":"https:\/\/www.rollytasker.com\/de\/wp-json\/wp\/v2\/media?parent=13005"}],"curies":[{"name":"wp","href":"https:\/\/api.w.org\/{rel}","templated":true}]}}