{"id":13237,"date":"2019-10-05T12:39:55","date_gmt":"2019-10-05T10:39:55","guid":{"rendered":"https:\/\/www.rollytasker.com\/aviso-legal\/"},"modified":"2025-07-21T12:57:37","modified_gmt":"2025-07-21T10:57:37","slug":"aviso-legal","status":"publish","type":"page","link":"https:\/\/www.rollytasker.com\/es\/aviso-legal\/","title":{"rendered":"Aviso Legal"},"content":{"rendered":"\t\t<div data-elementor-type=\"wp-page\" data-elementor-id=\"13237\" class=\"elementor elementor-13237 elementor-1017\" data-elementor-post-type=\"page\">\n\t\t\t\t<div class=\"elementor-element elementor-element-57bae677 e-flex e-con-boxed e-con e-parent\" data-id=\"57bae677\" data-element_type=\"container\" data-e-type=\"container\">\n\t\t\t\t\t<div class=\"e-con-inner\">\n\t\t\t\t<div class=\"elementor-element elementor-element-1d95d575 elementor-widget elementor-widget-text-editor\" data-id=\"1d95d575\" data-element_type=\"widget\" data-e-type=\"widget\" data-widget_type=\"text-editor.default\">\n\t\t\t\t\t\t\t\t\t<h2 data-sourcepos=\"3:1-3:12\">Proveedor<\/h2><p><strong>Rolly Tasker Sails (Tailandia) S.L.   <\/strong><br>84\/2 Moo 2, Chaofa Road,<br>T. Vichit, A. Muang,<br>Phuket 83000 Tailandia<\/p><p><strong>Representado por:<\/strong><br>Sven Cornelius<\/p><p><strong>Contacto:<\/strong><br>Tel\u00e9fono: +66 (0)76 521 591<br>Correo electr\u00f3nico: info@rolltytasker.com<\/p><h2 data-sourcepos=\"13:1-13:38\">Responsable del contenido editorial:<\/h2><p data-sourcepos=\"15:1-15:14\">Sven Cornelius<\/p><p><strong>Rolly Tasker Sails (Tailandia) S.L.   <\/strong><br>84\/2 Moo 2, Chaofa Road,<br>T. Vichit, A. Muang,<br>Phuket 83000 Tailandia<\/p><p>Tel\u00e9fono: +66 (0)76 521 591<br>Correo electr\u00f3nico: info@rolltytasker.com<\/p><h2>Procedimiento de resoluci\u00f3n de litigios ante una junta arbitral de consumo<\/h2><p>No estamos dispuestos ni obligados a participar en procedimientos de resoluci\u00f3n de litigios ante una junta de arbitraje de consumo.<\/p><h2 data-sourcepos=\"33:1-33:39\"><span class=\"citation-0\">Fotos<\/span><\/h2><p data-sourcepos=\"35:1-36:55\"><span class=\"citation-0\">Gr\u00e1ficos, fotos de productos y velas: Rolly Tasker Sails y socios de medios de comunicaci\u00f3n <br>V\u00eddeo de fondo de la p\u00e1gina de inicio: <a href=\"https:\/\/stock.adobe.com\/de\/video\/low-angle-view-of-yacht-s-wake-port-side-view-of-the-boat-slow-motion\/336378769?prev_url=detail\" target=\"_blank\" rel=\"noopener\">blackboxguild<\/a> en Adobe Stock<\/span><\/p><h2 data-sourcepos=\"38:1-38:74\"><span class=\"citation-0\">Este aviso legal tambi\u00e9n se aplica a los siguientes perfiles de redes sociales:<\/span><\/h2><p><a href=\"https:\/\/www.facebook.com\/rollytaskersails\/\" target=\"_blank\" rel=\"noopener\">https:\/\/www.facebook.com\/rollytaskersails\/<\/a><br><a href=\"https:\/\/www.instagram.com\/rollytaskersails_official\/\" target=\"_blank\" rel=\"noopener\">https:\/\/www.instagram.com\/rollytaskersails_official\/<\/a><br><a href=\"https:\/\/www.youtube.com\/@rollytaskersails-group990\" target=\"_blank\" rel=\"noopener\">https:\/\/www.youtube.com\/@rollytaskersails-group990<\/a><\/p><h2 data-sourcepos=\"44:1-44:42\"><span class=\"citation-0\">Web Design &amp; WordPress Development<\/span><\/h2><p><a class=\"nostyle\" title=\"Dise\u00f1o web galardonado de Alemania\" href=\"https:\/\/julia-vicentini.de\" target=\"_blank\" rel=\"noopener\"><img decoding=\"async\" class=\"alignnone wp-image-7272 \" title=\"Dise\u00f1o web galardonado de Alemania\" src=\"https:\/\/www.rollytasker.com\/wp-content\/uploads\/2024\/06\/julia-vicentini-web-design-500x124.webp\" alt=\"julia vicentini logo dise\u00f1o web\" width=\"286\" height=\"71\" srcset=\"https:\/\/www.rollytasker.com\/wp-content\/uploads\/2024\/06\/julia-vicentini-web-design-500x124.webp 500w, https:\/\/www.rollytasker.com\/wp-content\/uploads\/2024\/06\/julia-vicentini-web-design-768x190.webp 768w, https:\/\/www.rollytasker.com\/wp-content\/uploads\/2024\/06\/julia-vicentini-web-design.webp 1023w\" sizes=\"(max-width: 286px) 100vw, 286px\" \/><\/a><\/p>\t\t\t\t\t\t\t\t<\/div>\n\t\t\t\t\t<\/div>\n\t\t\t\t<\/div>\n\t\t\t\t<\/div>\n\t\t","protected":false},"excerpt":{"rendered":"<p>Proveedor Rolly Tasker Sails (Tailandia) S.L. 84\/2 Moo 2, Chaofa Road,T. Vichit, A. Muang,Phuket 83000 Tailandia Representado por:Sven Cornelius Contacto:Tel\u00e9fono: +66 (0)76 521 591Correo electr\u00f3nico: info@rolltytasker.com Responsable del contenido editorial: Sven Cornelius Rolly Tasker Sails (Tailandia) S.L. 84\/2 Moo 2, Chaofa Road,T. Vichit, A. Muang,Phuket 83000 Tailandia Tel\u00e9fono: +66 (0)76 521 591Correo electr\u00f3nico: info@rolltytasker.com Procedimiento [&hellip;]<\/p>\n","protected":false},"author":3,"featured_media":0,"parent":0,"menu_order":999,"comment_status":"closed","ping_status":"closed","template":"","meta":{"_acf_changed":false,"footnotes":""},"class_list":["post-13237","page","type-page","status-publish","hentry"],"acf":[],"_links":{"self":[{"href":"https:\/\/www.rollytasker.com\/es\/wp-json\/wp\/v2\/pages\/13237","targetHints":{"allow":["GET"]}}],"collection":[{"href":"https:\/\/www.rollytasker.com\/es\/wp-json\/wp\/v2\/pages"}],"about":[{"href":"https:\/\/www.rollytasker.com\/es\/wp-json\/wp\/v2\/types\/page"}],"author":[{"embeddable":true,"href":"https:\/\/www.rollytasker.com\/es\/wp-json\/wp\/v2\/users\/3"}],"replies":[{"embeddable":true,"href":"https:\/\/www.rollytasker.com\/es\/wp-json\/wp\/v2\/comments?post=13237"}],"version-history":[{"count":0,"href":"https:\/\/www.rollytasker.com\/es\/wp-json\/wp\/v2\/pages\/13237\/revisions"}],"wp:attachment":[{"href":"https:\/\/www.rollytasker.com\/es\/wp-json\/wp\/v2\/media?parent=13237"}],"curies":[{"name":"wp","href":"https:\/\/api.w.org\/{rel}","templated":true}]}}