{"id":14136,"date":"2019-06-15T20:37:51","date_gmt":"2019-06-15T18:37:51","guid":{"rendered":"https:\/\/www.rollytasker.com\/our-sails\/"},"modified":"2025-09-09T12:08:41","modified_gmt":"2025-09-09T10:08:41","slug":"velas-de-crucero","status":"publish","type":"page","link":"https:\/\/www.rollytasker.com\/es\/velas-de-crucero\/","title":{"rendered":"Velas de Crucero y Altura"},"content":{"rendered":"\t\t<div data-elementor-type=\"wp-page\" data-elementor-id=\"14136\" class=\"elementor elementor-14136 elementor-8\" data-elementor-post-type=\"page\">\n\t\t\t\t<div class=\"elementor-element elementor-element-1a21733 e-flex e-con-boxed e-con e-parent\" data-id=\"1a21733\" data-element_type=\"container\" data-e-type=\"container\">\n\t\t\t\t\t<div class=\"e-con-inner\">\n\t\t\t\t<div class=\"elementor-element elementor-element-bd49975 elementor-widget elementor-widget-text-editor\" data-id=\"bd49975\" data-element_type=\"widget\" data-e-type=\"widget\" data-widget_type=\"text-editor.default\">\n\t\t\t\t\t\t\t\t\t<p>\u00bfPor qu\u00e9 nos centramos en las velas de crucero? Dise\u00f1amos nuestras velas pensando en las necesidades y preferencias de los navegantes de <strong>Crucero y Altura<\/strong> y tambi\u00e9n en los que buscan m\u00e1s Performance como los <strong>Regatistas de Club<\/strong>. Cada puntada, cada detalle, tiene como objetivo no s\u00f3lo maximizar el placer que sientes al navegar, sino tambi\u00e9n garantizar tu seguridad en el agua. Con nuestras velas, puedes continuar tus viajes con total confianza. Esperamos que sepas que con nosotros tienes un partner fiable a tu lado que trabaja para que disfrutes de tu navegaci\u00f3n al m\u00e1ximo.    <\/p>\t\t\t\t\t\t\t\t<\/div>\n\t\t<div class=\"elementor-element elementor-element-9857c95 e-flex e-con-boxed e-con e-child\" data-id=\"9857c95\" data-element_type=\"container\" data-e-type=\"container\" data-settings=\"{&quot;background_background&quot;:&quot;classic&quot;}\">\n\t\t\t\t\t<div class=\"e-con-inner\">\n\t\t<div class=\"elementor-element elementor-element-0408fde e-con-full e-flex e-con e-child\" data-id=\"0408fde\" data-element_type=\"container\" data-e-type=\"container\">\n\t\t\t\t<div class=\"elementor-element elementor-element-1a0831c elementor-cta--skin-cover elementor-cta--valign-bottom elementor-bg-transform elementor-bg-transform-move-down elementor-widget__width-initial elementor-widget elementor-widget-call-to-action\" data-id=\"1a0831c\" data-element_type=\"widget\" data-e-type=\"widget\" data-widget_type=\"call-to-action.default\">\n\t\t\t\t\t\t\t<div class=\"elementor-cta\">\n\t\t\t\t\t<div class=\"elementor-cta__bg-wrapper\">\n\t\t\t\t<div class=\"elementor-cta__bg elementor-bg\" style=\"background-image: url(https:\/\/www.rollytasker.com\/wp-content\/uploads\/2022\/08\/new-sail-set-up-cruising-boat.jpeg);\" role=\"img\" aria-label=\"The perfect working sail area in a breeze: Mainsail and 110% Jib.\"><\/div>\n\t\t\t\t<div class=\"elementor-cta__bg-overlay\"><\/div>\n\t\t\t<\/div>\n\t\t\t\t\t\t\t<div class=\"elementor-cta__content\">\n\t\t\t\t\n\t\t\t\t\t\t\t\t\t<h3 class=\"elementor-cta__title elementor-cta__content-item elementor-content-item\">\n\t\t\t\t\t\tMayor\t\t\t\t\t<\/h3>\n\t\t\t\t\n\t\t\t\t\t\t\t\t\t<div class=\"elementor-cta__description elementor-cta__content-item elementor-content-item\">\n\t\t\t\t\t\tNavegaci\u00f3n costera, en busca de rendimiento o navegaci\u00f3n de altura\t\t\t\t\t<\/div>\n\t\t\t\t\n\t\t\t\t\t\t\t\t\t<div class=\"elementor-cta__button-wrapper elementor-cta__content-item elementor-content-item \">\n\t\t\t\t\t<a class=\"elementor-cta__button elementor-button elementor-size-\" href=\"https:\/\/www.rollytasker.com\/es\/velas-de-crucero\/mayor-de-crucero\/\">\n\t\t\t\t\t\tEncuentra tu mayor\t\t\t\t\t<\/a>\n\t\t\t\t\t<\/div>\n\t\t\t\t\t\t\t<\/div>\n\t\t\t\t\t\t<\/div>\n\t\t\t\t\t\t<\/div>\n\t\t\t\t<\/div>\n\t\t<div class=\"elementor-element elementor-element-e519026 e-con-full e-flex e-con e-child\" data-id=\"e519026\" data-element_type=\"container\" data-e-type=\"container\">\n\t\t\t\t<div class=\"elementor-element elementor-element-e7fac67 elementor-cta--skin-cover elementor-cta--valign-bottom elementor-bg-transform elementor-bg-transform-move-right elementor-widget__width-initial elementor-widget elementor-widget-call-to-action\" data-id=\"e7fac67\" data-element_type=\"widget\" data-e-type=\"widget\" data-widget_type=\"call-to-action.default\">\n\t\t\t\t\t\t\t<div class=\"elementor-cta\">\n\t\t\t\t\t<div class=\"elementor-cta__bg-wrapper\">\n\t\t\t\t<div class=\"elementor-cta__bg elementor-bg\" style=\"background-image: url(https:\/\/www.rollytasker.com\/wp-content\/uploads\/2024\/02\/cruising-headsails-1-635x1024.jpg);\" role=\"img\" aria-label=\"cruising headsails\"><\/div>\n\t\t\t\t<div class=\"elementor-cta__bg-overlay\"><\/div>\n\t\t\t<\/div>\n\t\t\t\t\t\t\t<div class=\"elementor-cta__content\">\n\t\t\t\t\n\t\t\t\t\t\t\t\t\t<h3 class=\"elementor-cta__title elementor-cta__content-item elementor-content-item\">\n\t\t\t\t\t\tG\u00e9novas y Foques\t\t\t\t\t<\/h3>\n\t\t\t\t\n\t\t\t\t\t\t\t\t\t<div class=\"elementor-cta__description elementor-cta__content-item elementor-content-item\">\n\t\t\t\t\t\tG\u00e9nova, Foque, Autovirante o Trinqueta. Elige lo que m\u00e1s se adapta. \t\t\t\t\t<\/div>\n\t\t\t\t\n\t\t\t\t\t\t\t\t\t<div class=\"elementor-cta__button-wrapper elementor-cta__content-item elementor-content-item \">\n\t\t\t\t\t<a class=\"elementor-cta__button elementor-button elementor-size-\" href=\"https:\/\/www.rollytasker.com\/es\/velas-de-crucero\/genova-y-foque-de-crucero\/\">\n\t\t\t\t\t\tEncuentra tu vela de proa\t\t\t\t\t<\/a>\n\t\t\t\t\t<\/div>\n\t\t\t\t\t\t\t<\/div>\n\t\t\t\t\t\t<\/div>\n\t\t\t\t\t\t<\/div>\n\t\t\t\t<\/div>\n\t\t<div class=\"elementor-element elementor-element-ae590c3 e-con-full e-flex e-con e-child\" data-id=\"ae590c3\" data-element_type=\"container\" data-e-type=\"container\">\n\t\t\t\t<div class=\"elementor-element elementor-element-ef186e6 elementor-cta--skin-cover elementor-cta--valign-bottom elementor-bg-transform elementor-bg-transform-move-up elementor-widget__width-initial elementor-widget elementor-widget-call-to-action\" data-id=\"ef186e6\" data-element_type=\"widget\" data-e-type=\"widget\" data-widget_type=\"call-to-action.default\">\n\t\t\t\t\t\t\t<div class=\"elementor-cta\">\n\t\t\t\t\t<div class=\"elementor-cta__bg-wrapper\">\n\t\t\t\t<div class=\"elementor-cta__bg elementor-bg\" style=\"background-image: url(https:\/\/www.rollytasker.com\/wp-content\/uploads\/2024\/02\/downwindsails-1-635x1024.jpg);\" role=\"img\" aria-label=\"downwindsails.jpg\"><\/div>\n\t\t\t\t<div class=\"elementor-cta__bg-overlay\"><\/div>\n\t\t\t<\/div>\n\t\t\t\t\t\t\t<div class=\"elementor-cta__content\">\n\t\t\t\t\n\t\t\t\t\t\t\t\t\t<h3 class=\"elementor-cta__title elementor-cta__content-item elementor-content-item\">\n\t\t\t\t\t\tVelas Portantes\t\t\t\t\t<\/h3>\n\t\t\t\t\n\t\t\t\t\t\t\t\t\t<div class=\"elementor-cta__description elementor-cta__content-item elementor-content-item\">\n\t\t\t\t\t\tDisfruta al m\u00e1ximo: Spinnaker, C\u00f3digo 0, C\u00f3digo C, Gennaker\t\t\t\t\t<\/div>\n\t\t\t\t\n\t\t\t\t\t\t\t\t\t<div class=\"elementor-cta__button-wrapper elementor-cta__content-item elementor-content-item \">\n\t\t\t\t\t<a class=\"elementor-cta__button elementor-button elementor-size-\" href=\"https:\/\/www.rollytasker.com\/es\/velas-de-crucero\/velas-portantes\/\">\n\t\t\t\t\t\tEncuentra tu vela portante\t\t\t\t\t<\/a>\n\t\t\t\t\t<\/div>\n\t\t\t\t\t\t\t<\/div>\n\t\t\t\t\t\t<\/div>\n\t\t\t\t\t\t<\/div>\n\t\t\t\t<\/div>\n\t\t<div class=\"elementor-element elementor-element-07e3db2 e-con-full e-flex e-con e-child\" data-id=\"07e3db2\" data-element_type=\"container\" data-e-type=\"container\">\n\t\t\t\t<div class=\"elementor-element elementor-element-52dc991 elementor-cta--skin-cover elementor-cta--valign-middle elementor-bg-transform elementor-bg-transform-move-left elementor-widget__width-initial elementor-widget elementor-widget-call-to-action\" data-id=\"52dc991\" data-element_type=\"widget\" data-e-type=\"widget\" data-widget_type=\"call-to-action.default\">\n\t\t\t\t\t\t\t<div class=\"elementor-cta\">\n\t\t\t\t\t<div class=\"elementor-cta__bg-wrapper\">\n\t\t\t\t<div class=\"elementor-cta__bg elementor-bg\" style=\"background-image: url(https:\/\/www.rollytasker.com\/wp-content\/uploads\/2024\/02\/multihull-sails-1-1024x687.jpg);\" role=\"img\" aria-label=\"Multihull Catamaran\"><\/div>\n\t\t\t\t<div class=\"elementor-cta__bg-overlay\"><\/div>\n\t\t\t<\/div>\n\t\t\t\t\t\t\t<div class=\"elementor-cta__content\">\n\t\t\t\t\n\t\t\t\t\t\t\t\t\t<h3 class=\"elementor-cta__title elementor-cta__content-item elementor-content-item\">\n\t\t\t\t\t\tVelas Catamar\u00e1n \/ Multicasco\t\t\t\t\t<\/h3>\n\t\t\t\t\n\t\t\t\t\t\t\t\t\t<div class=\"elementor-cta__description elementor-cta__content-item elementor-content-item\">\n\t\t\t\t\t\tVelas especialmente adaptadas para Catamar\u00e1n y Trimar\u00e1n\t\t\t\t\t<\/div>\n\t\t\t\t\n\t\t\t\t\t\t\t\t\t<div class=\"elementor-cta__button-wrapper elementor-cta__content-item elementor-content-item \">\n\t\t\t\t\t<a class=\"elementor-cta__button elementor-button elementor-size-\" href=\"https:\/\/www.rollytasker.com\/es\/velas-de-crucero\/velas-multicasco\/\">\n\t\t\t\t\t\tEncuentra tu vela Multicaso\t\t\t\t\t<\/a>\n\t\t\t\t\t<\/div>\n\t\t\t\t\t\t\t<\/div>\n\t\t\t\t\t\t<\/div>\n\t\t\t\t\t\t<\/div>\n\t\t\t\t<\/div>\n\t\t<div class=\"elementor-element elementor-element-57dc3c9 e-con-full e-flex e-con e-child\" data-id=\"57dc3c9\" data-element_type=\"container\" data-e-type=\"container\">\n\t\t\t\t<div class=\"elementor-element elementor-element-0f83163 elementor-cta--skin-cover elementor-cta--valign-middle elementor-bg-transform elementor-bg-transform-move-up elementor-widget__width-initial elementor-widget elementor-widget-call-to-action\" data-id=\"0f83163\" data-element_type=\"widget\" data-e-type=\"widget\" data-widget_type=\"call-to-action.default\">\n\t\t\t\t\t\t\t<div class=\"elementor-cta\">\n\t\t\t\t\t<div class=\"elementor-cta__bg-wrapper\">\n\t\t\t\t<div class=\"elementor-cta__bg elementor-bg\" style=\"background-image: url(https:\/\/www.rollytasker.com\/wp-content\/uploads\/2024\/02\/storm-jib-storm-sails-1-1024x587.jpg);\" role=\"img\" aria-label=\"storm-jib-storm-sails.jpg\"><\/div>\n\t\t\t\t<div class=\"elementor-cta__bg-overlay\"><\/div>\n\t\t\t<\/div>\n\t\t\t\t\t\t\t<div class=\"elementor-cta__content\">\n\t\t\t\t\n\t\t\t\t\t\t\t\t\t<h3 class=\"elementor-cta__title elementor-cta__content-item elementor-content-item\">\n\t\t\t\t\t\tTorment\u00edn\t\t\t\t\t<\/h3>\n\t\t\t\t\n\t\t\t\t\t\t\t\t\t<div class=\"elementor-cta__description elementor-cta__content-item elementor-content-item\">\n\t\t\t\t\t\tLa seguridad va por delante.\t\t\t\t\t<\/div>\n\t\t\t\t\n\t\t\t\t\t\t\t\t\t<div class=\"elementor-cta__button-wrapper elementor-cta__content-item elementor-content-item \">\n\t\t\t\t\t<a class=\"elementor-cta__button elementor-button elementor-size-\" href=\"https:\/\/www.rollytasker.com\/es\/velas-de-crucero\/tormentin\/\">\n\t\t\t\t\t\tEncuentra tu Torment\u00edn\t\t\t\t\t<\/a>\n\t\t\t\t\t<\/div>\n\t\t\t\t\t\t\t<\/div>\n\t\t\t\t\t\t<\/div>\n\t\t\t\t\t\t<\/div>\n\t\t\t\t<\/div>\n\t\t\t\t\t<\/div>\n\t\t\t\t<\/div>\n\t\t\t\t\t<\/div>\n\t\t\t\t<\/div>\n\t\t<div class=\"elementor-element elementor-element-7c8a1a8 e-flex e-con-boxed e-con e-parent\" data-id=\"7c8a1a8\" data-element_type=\"container\" data-e-type=\"container\" data-settings=\"{&quot;background_background&quot;:&quot;classic&quot;}\">\n\t\t\t\t\t<div class=\"e-con-inner\">\n\t\t<div class=\"elementor-element elementor-element-279e80e e-con-full e-flex e-con e-child\" data-id=\"279e80e\" data-element_type=\"container\" data-e-type=\"container\">\n\t\t\t\t<div class=\"elementor-element elementor-element-eaecd30 elementor-widget elementor-widget-heading\" data-id=\"eaecd30\" data-element_type=\"widget\" data-e-type=\"widget\" data-widget_type=\"heading.default\">\n\t\t\t\t\t<h2 class=\"elementor-heading-title elementor-size-default\">Las Velas de Crucero son nuestra esencia<\/h2>\t\t\t\t<\/div>\n\t\t\t\t<\/div>\n\t\t<div class=\"elementor-element elementor-element-cc0521b e-con-full e-flex e-con e-child\" data-id=\"cc0521b\" data-element_type=\"container\" data-e-type=\"container\">\n\t\t\t\t<div class=\"elementor-element elementor-element-29badd2 elementor-widget elementor-widget-text-editor\" data-id=\"29badd2\" data-element_type=\"widget\" data-e-type=\"widget\" data-widget_type=\"text-editor.default\">\n\t\t\t\t\t\t\t\t\t<p><a href=\"https:\/\/www.rollytasker.com\/es\/velas-de-crucero\/\">Las velas de crucero<\/a> de todos los tipos, formas y tama\u00f1os han sido el alma de Rolly Tasker Sails durante m\u00e1s de 75 a\u00f1os.<\/p><p>Las velas de crucero desempe\u00f1an un papel crucial en la experiencia de navegar, especialmente para quienes se embarcan en viajes largos o exploran aguas lejanas. A diferencia de las velas de regata, que priorizan la velocidad y el rendimiento por encima de todo, las velas de crucero se dise\u00f1an pensando en la durabilidad, la facilidad de uso y la comodidad. <\/p><h3>Construcci\u00f3n robusta<\/h3><p>Una de las principales caracter\u00edsticas de las velas de crucero es su construcci\u00f3n robusta. Estas velas suelen fabricarse con materiales duraderos como el Dacron, preparadas para navegaciones de altura o de larga distancia y el uso frecuente. Los refuerzos en los puntos de carga y las costuras resistentes garantizan que las velas de crucero puedan soportar vientos fuertes, mar agitado y largos periodos de exposici\u00f3n a los elementos.  <\/p><h3>Facilidad de manejo<\/h3><p>Adem\u00e1s de duraderas, <a href=\"https:\/\/www.rollytasker.com\/es\/velas-de-crucero\/\">las velas de crucero<\/a> est\u00e1n dise\u00f1adas para ser f\u00e1ciles de usar. Navegar largas distancias puede ser f\u00edsicamente agotador, por lo que los navegantes de crucero aprecian las velas f\u00e1ciles de izar, trimar y rizar. Caracter\u00edsticas como los sistemas enrollables para las velas de proa y los lazy jacks o stack packs para las velas mayores facilitan el manejo de las velas con una sola mano o con una tripulaci\u00f3n reducida. Esta comodidad permite a los navegantes centrarse m\u00e1s en disfrutar del viaje y menos en los complicaciones del manejo de las velas.   <\/p><h3>Confort y estabilidad<\/h3><p>La comodidad es otra consideraci\u00f3n importante cuando se trata de velas de crucero. A diferencia de los regatistas, que pueden estar dispuestos a sacrificar la comodidad por el rendimiento, los cruceristas dan prioridad a la comodidad durante las traves\u00edas largas y las estancias prolongadas a bordo de sus embarcaciones. Las velas de crucero suelen dise\u00f1arse con una forma moderada que proporciona un equilibrio entre velocidad y estabilidad, lo que se traduce en una navegaci\u00f3n m\u00e1s suave y c\u00f3moda para la tripulaci\u00f3n.  <\/p><p>Adem\u00e1s, las velas de crucero suelen estar equipadas con caracter\u00edsticas que mejoran la seguridad y la fiabilidad. Los puntos de rizado permiten a los navegantes reducir la superficie v\u00e9lica con vientos fuertes, mientras que las fijaciones reforzadas de pu\u00f1o de escota y amura garantizan que las velas permanezcan bien sujetas al aparejo incluso en condiciones dif\u00edciles. Estas caracter\u00edsticas dan a los cruceros la tranquilidad de saber que sus velas est\u00e1n construidas para soportar todo lo que les depare el oc\u00e9ano.  <\/p><p>En conclusi\u00f3n, las velas de crucero son un componente esencial de cualquier velero, ya que proporcionan durabilidad, facilidad de uso, comodidad y seguridad a los navegantes que se embarcan en traves\u00edas largas. Al dar prioridad a este enfoque en el dise\u00f1o y la construcci\u00f3n de las velas de crucero, los navegantes pueden disfrutar de una experiencia de navegaci\u00f3n m\u00e1s agradable y sin estr\u00e9s. <\/p>\t\t\t\t\t\t\t\t<\/div>\n\t\t\t\t<\/div>\n\t\t<div class=\"elementor-element elementor-element-0dd64a4 e-con-full e-flex e-con e-child\" data-id=\"0dd64a4\" data-element_type=\"container\" data-e-type=\"container\">\n\t\t\t\t<div class=\"elementor-element elementor-element-d4782ca elementor-widget elementor-widget-image\" data-id=\"d4782ca\" data-element_type=\"widget\" data-e-type=\"widget\" data-widget_type=\"image.default\">\n\t\t\t\t\t\t\t\t\t\t\t\t\t\t\t\t<a href=\"https:\/\/www.rollytasker.com\/wp-content\/uploads\/2024\/03\/erikaandera-stormy-weather.jpg\" data-elementor-open-lightbox=\"yes\" data-elementor-lightbox-title=\"erikaandera-stormy-weather\" data-e-action-hash=\"#elementor-action%3Aaction%3Dlightbox%26settings%3DeyJpZCI6MTUwNzMsInVybCI6Imh0dHBzOlwvXC93d3cucm9sbHl0YXNrZXIuY29tXC93cC1jb250ZW50XC91cGxvYWRzXC8yMDI0XC8wM1wvZXJpa2FhbmRlcmEtc3Rvcm15LXdlYXRoZXIuanBnIn0%3D\">\n\t\t\t\t\t\t\t<img fetchpriority=\"high\" decoding=\"async\" width=\"800\" height=\"800\" src=\"https:\/\/www.rollytasker.com\/wp-content\/uploads\/2024\/03\/erikaandera-stormy-weather-1024x1024.jpg\" class=\"attachment-large size-large wp-image-15073\" alt=\"erik aanderaa sails stormy weather\" srcset=\"https:\/\/www.rollytasker.com\/wp-content\/uploads\/2024\/03\/erikaandera-stormy-weather-1024x1024.jpg 1024w, https:\/\/www.rollytasker.com\/wp-content\/uploads\/2024\/03\/erikaandera-stormy-weather-300x300.jpg 300w, https:\/\/www.rollytasker.com\/wp-content\/uploads\/2024\/03\/erikaandera-stormy-weather-150x150.jpg 150w, https:\/\/www.rollytasker.com\/wp-content\/uploads\/2024\/03\/erikaandera-stormy-weather-768x768.jpg 768w, https:\/\/www.rollytasker.com\/wp-content\/uploads\/2024\/03\/erikaandera-stormy-weather.jpg 1440w\" sizes=\"(max-width: 800px) 100vw, 800px\" loading=\"eager\" title=\"\">\t\t\t\t\t\t\t\t<\/a>\n\t\t\t\t\t\t\t\t\t\t\t\t\t\t\t<\/div>\n\t\t\t\t<\/div>\n\t\t\t\t\t<\/div>\n\t\t\t\t<\/div>\n\t\t<div class=\"elementor-element elementor-element-b6e8436 e-flex e-con-boxed e-con e-parent\" data-id=\"b6e8436\" data-element_type=\"container\" data-e-type=\"container\" data-settings=\"{&quot;background_background&quot;:&quot;classic&quot;}\">\n\t\t\t\t\t<div class=\"e-con-inner\">\n\t\t<div class=\"elementor-element elementor-element-5faaf24 e-con-full e-flex e-con e-child\" data-id=\"5faaf24\" data-element_type=\"container\" data-e-type=\"container\">\n\t\t<div class=\"elementor-element elementor-element-762c7e5 e-flex e-con-boxed e-con e-child\" data-id=\"762c7e5\" data-element_type=\"container\" data-e-type=\"container\">\n\t\t\t\t\t<div class=\"e-con-inner\">\n\t\t\t\t<div class=\"elementor-element elementor-element-f4a1eec elementor-widget__width-auto elementor-widget elementor-widget-heading\" data-id=\"f4a1eec\" data-element_type=\"widget\" data-e-type=\"widget\" data-widget_type=\"heading.default\">\n\t\t\t\t\t<h2 class=\"elementor-heading-title elementor-size-default\">Nuestro Blog<\/h2>\t\t\t\t<\/div>\n\t\t\t\t<div class=\"elementor-element elementor-element-e06b8b0 elementor-widget elementor-widget-heading\" data-id=\"e06b8b0\" data-element_type=\"widget\" data-e-type=\"widget\" data-widget_type=\"heading.default\">\n\t\t\t\t\t<h2 class=\"elementor-heading-title elementor-size-default\">Todo sobre velas<\/h2>\t\t\t\t<\/div>\n\t\t\t\t<div class=\"elementor-element elementor-element-d2855a7 elementor-widget-mobile__width-inherit elementor-align-center elementor-widget elementor-widget-button\" data-id=\"d2855a7\" data-element_type=\"widget\" data-e-type=\"widget\" data-widget_type=\"button.default\">\n\t\t\t\t\t\t\t\t\t\t<a class=\"elementor-button elementor-button-link elementor-size-sm\" href=\"https:\/\/www.rollytasker.com\/es\/sobre-sails\/\">\n\t\t\t\t\t\t<span class=\"elementor-button-content-wrapper\">\n\t\t\t\t\t\t\t\t\t<span class=\"elementor-button-text\">Visita el blog<\/span>\n\t\t\t\t\t<\/span>\n\t\t\t\t\t<\/a>\n\t\t\t\t\t\t\t\t<\/div>\n\t\t\t\t\t<\/div>\n\t\t\t\t<\/div>\n\t\t\t\t<\/div>\n\t\t\t\t\t<\/div>\n\t\t\t\t<\/div>\n\t\t\t\t<\/div>\n\t\t","protected":false},"excerpt":{"rendered":"<p>\u00bfPor qu\u00e9 nos centramos en las velas de crucero? Dise\u00f1amos nuestras velas pensando en las necesidades y preferencias de los navegantes de Crucero y Altura y tambi\u00e9n en los que buscan m\u00e1s Performance como los Regatistas de Club. Cada puntada, cada detalle, tiene como objetivo no s\u00f3lo maximizar el placer que sientes al navegar, sino [&hellip;]<\/p>\n","protected":false},"author":3,"featured_media":14165,"parent":0,"menu_order":10,"comment_status":"closed","ping_status":"closed","template":"","meta":{"_acf_changed":false,"footnotes":""},"class_list":["post-14136","page","type-page","status-publish","has-post-thumbnail","hentry"],"acf":[],"_links":{"self":[{"href":"https:\/\/www.rollytasker.com\/es\/wp-json\/wp\/v2\/pages\/14136","targetHints":{"allow":["GET"]}}],"collection":[{"href":"https:\/\/www.rollytasker.com\/es\/wp-json\/wp\/v2\/pages"}],"about":[{"href":"https:\/\/www.rollytasker.com\/es\/wp-json\/wp\/v2\/types\/page"}],"author":[{"embeddable":true,"href":"https:\/\/www.rollytasker.com\/es\/wp-json\/wp\/v2\/users\/3"}],"replies":[{"embeddable":true,"href":"https:\/\/www.rollytasker.com\/es\/wp-json\/wp\/v2\/comments?post=14136"}],"version-history":[{"count":0,"href":"https:\/\/www.rollytasker.com\/es\/wp-json\/wp\/v2\/pages\/14136\/revisions"}],"wp:featuredmedia":[{"embeddable":true,"href":"https:\/\/www.rollytasker.com\/es\/wp-json\/wp\/v2\/media\/14165"}],"wp:attachment":[{"href":"https:\/\/www.rollytasker.com\/es\/wp-json\/wp\/v2\/media?parent=14136"}],"curies":[{"name":"wp","href":"https:\/\/api.w.org\/{rel}","templated":true}]}}